{"id":89917,"date":"2021-08-14T08:16:08","date_gmt":"2021-08-14T08:16:08","guid":{"rendered":"https:\/\/www.3p-gmbh.de\/produkt\/machine-a-secouer-semi-format-polar-mohr-polar-r-2\/"},"modified":"2021-08-14T08:16:08","modified_gmt":"2021-08-14T08:16:08","slug":"polar-mohr-demi-format-ruettelautomat-polar-r-2","status":"publish","type":"product","link":"https:\/\/www.3p-gmbh.de\/fr\/produkt\/polar-mohr-demi-format-ruettelautomat-polar-r-2\/","title":{"rendered":"Machine \u00e0 secouer semi-format Polar Mohr Polar R-2"},"content":{"rendered":"<p><strong>Machine \u00e0 secouer semi-format Polar R 2<\/strong><br \/>\n<strong>Bj. 2001<\/strong>  &#8211; contr\u00f4l\u00e9 en atelier \u00e0 la livraison, r\u00e9vis\u00e9 et tous les tuyaux d&rsquo;air remplac\u00e9s<\/p>\n<p>Plage de formats (surface de table utilisable) 72 x 87 cm<br \/>\nhauteur de la table (r\u00e9glable en continu) de&#8230;\u00e0 86 \u00e0 95 cm<\/p>\n","protected":false},"excerpt":{"rendered":"<p>Machine \u00e0 secouer semi-format Polar R 2 Bj. 2001 &#8211; contr\u00f4l\u00e9 en atelier \u00e0 la livraison, r\u00e9vis\u00e9 et tous les tuyaux d&rsquo;air remplac\u00e9s Plage de formats (surface de table utilisable) 72 x 87 cm hauteur de la table (r\u00e9glable en continu) de&#8230;\u00e0 86 \u00e0 95 cm<\/p>\n","protected":false},"featured_media":60480,"template":"","meta":[],"product_brand":[],"product_cat":[3068],"product_tag":[],"class_list":{"0":"post-89917","1":"product","2":"type-product","3":"status-publish","4":"has-post-thumbnail","6":"product_cat-tables-vibrantes","7":"pa_hersteller-polar-mohr","8":"pa_typ-r-2","10":"first","11":"instock","12":"taxable","13":"shipping-taxable","14":"product-type-simple"},"jetpack_sharing_enabled":true,"_links":{"self":[{"href":"https:\/\/www.3p-gmbh.de\/fr\/wp-json\/wp\/v2\/product\/89917","targetHints":{"allow":["GET"]}}],"collection":[{"href":"https:\/\/www.3p-gmbh.de\/fr\/wp-json\/wp\/v2\/product"}],"about":[{"href":"https:\/\/www.3p-gmbh.de\/fr\/wp-json\/wp\/v2\/types\/product"}],"wp:featuredmedia":[{"embeddable":true,"href":"https:\/\/www.3p-gmbh.de\/fr\/wp-json\/wp\/v2\/media\/60480"}],"wp:attachment":[{"href":"https:\/\/www.3p-gmbh.de\/fr\/wp-json\/wp\/v2\/media?parent=89917"}],"wp:term":[{"taxonomy":"product_brand","embeddable":true,"href":"https:\/\/www.3p-gmbh.de\/fr\/wp-json\/wp\/v2\/product_brand?post=89917"},{"taxonomy":"product_cat","embeddable":true,"href":"https:\/\/www.3p-gmbh.de\/fr\/wp-json\/wp\/v2\/product_cat?post=89917"},{"taxonomy":"product_tag","embeddable":true,"href":"https:\/\/www.3p-gmbh.de\/fr\/wp-json\/wp\/v2\/product_tag?post=89917"}],"curies":[{"name":"wp","href":"https:\/\/api.w.org\/{rel}","templated":true}]}}