{"id":89907,"date":"2021-08-14T08:27:18","date_gmt":"2021-08-14T08:27:18","guid":{"rendered":"https:\/\/www.3p-gmbh.de\/produkt\/securite-anti-casse-pour-creuset-original-heidelberger-oht\/"},"modified":"2021-08-14T08:27:18","modified_gmt":"2021-08-14T08:27:18","slug":"securite-rupture-pour-original-heidelberger-tiegel-oht","status":"publish","type":"product","link":"https:\/\/www.3p-gmbh.de\/fr\/produkt\/securite-rupture-pour-original-heidelberger-tiegel-oht\/","title":{"rendered":"S\u00e9curit\u00e9 anti-casse pour creuset original Heidelberger OHT"},"content":{"rendered":"<p><strong>S\u00e9curit\u00e9 anti-casse pour creuset original Heidelberger OHT<\/strong><\/p>\n","protected":false},"excerpt":{"rendered":"<p>S\u00e9curit\u00e9 anti-casse pour creuset original Heidelberger OHT<\/p>\n","protected":false},"featured_media":60484,"template":"","meta":[],"product_brand":[],"product_cat":[2881],"product_tag":[],"class_list":{"0":"post-89907","1":"product","2":"type-product","3":"status-publish","4":"has-post-thumbnail","6":"product_cat-impression-de-livres","8":"first","9":"instock","10":"taxable","11":"shipping-taxable","12":"product-type-simple"},"jetpack_sharing_enabled":true,"_links":{"self":[{"href":"https:\/\/www.3p-gmbh.de\/fr\/wp-json\/wp\/v2\/product\/89907","targetHints":{"allow":["GET"]}}],"collection":[{"href":"https:\/\/www.3p-gmbh.de\/fr\/wp-json\/wp\/v2\/product"}],"about":[{"href":"https:\/\/www.3p-gmbh.de\/fr\/wp-json\/wp\/v2\/types\/product"}],"wp:featuredmedia":[{"embeddable":true,"href":"https:\/\/www.3p-gmbh.de\/fr\/wp-json\/wp\/v2\/media\/60484"}],"wp:attachment":[{"href":"https:\/\/www.3p-gmbh.de\/fr\/wp-json\/wp\/v2\/media?parent=89907"}],"wp:term":[{"taxonomy":"product_brand","embeddable":true,"href":"https:\/\/www.3p-gmbh.de\/fr\/wp-json\/wp\/v2\/product_brand?post=89907"},{"taxonomy":"product_cat","embeddable":true,"href":"https:\/\/www.3p-gmbh.de\/fr\/wp-json\/wp\/v2\/product_cat?post=89907"},{"taxonomy":"product_tag","embeddable":true,"href":"https:\/\/www.3p-gmbh.de\/fr\/wp-json\/wp\/v2\/product_tag?post=89907"}],"curies":[{"name":"wp","href":"https:\/\/api.w.org\/{rel}","templated":true}]}}