{"id":89895,"date":"2021-09-23T07:46:22","date_gmt":"2021-09-23T07:46:22","guid":{"rendered":"https:\/\/www.3p-gmbh.de\/produkt\/dispositif-de-pressage-a-chaud-habasit-pt-103s\/"},"modified":"2021-09-23T07:46:22","modified_gmt":"2021-09-23T07:46:22","slug":"dispositif-de-pressage-a-chaud-habasit-pt-103s","status":"publish","type":"product","link":"https:\/\/www.3p-gmbh.de\/fr\/produkt\/dispositif-de-pressage-a-chaud-habasit-pt-103s\/","title":{"rendered":"Dispositif de pressage \u00e0 chaud Habasit PT-103S"},"content":{"rendered":"<p><strong>Dispositif de pressage \u00e0 chaud Habasit PT-103S<\/strong><\/p>\n<p>Soudeuse pour bandes transporteuses<\/p>\n<p>pour le jonctionnement Thermofix des extr\u00e9mit\u00e9s de bandes transporteuses<br \/>\njusqu&rsquo;\u00e0 une largeur de 100 mm et une \u00e9paisseur de 2,5 mm<\/p>\n<p><a href=\"https:\/\/www.3p-gmbh.de\/wp-content\/uploads\/2021\/09\/PT-103S_de.pdf\">PT-103S_fr<\/a><\/p>\n<p><a href=\"https:\/\/www.3p-gmbh.de\/wp-content\/uploads\/2021\/09\/PT-103S-en-us.pdf\">PT-103S-en-us<\/a><\/p>\n","protected":false},"excerpt":{"rendered":"<p>Dispositif de pressage \u00e0 chaud Habasit PT-103S Soudeuse pour bandes transporteuses pour le jonctionnement Thermofix des extr\u00e9mit\u00e9s de bandes transporteuses jusqu&rsquo;\u00e0 une largeur de 100 mm et une \u00e9paisseur de 2,5 mm PT-103S_fr PT-103S-en-us<\/p>\n","protected":false},"featured_media":60523,"template":"","meta":[],"product_brand":[],"product_cat":[2886],"product_tag":[],"class_list":{"0":"post-89895","1":"product","2":"type-product","3":"status-publish","4":"has-post-thumbnail","6":"product_cat-accessoires-pour-plieuses","7":"pa_hersteller-habasit","8":"pa_typ-pt-103s","10":"first","11":"instock","12":"taxable","13":"shipping-taxable","14":"product-type-simple"},"jetpack_sharing_enabled":true,"_links":{"self":[{"href":"https:\/\/www.3p-gmbh.de\/fr\/wp-json\/wp\/v2\/product\/89895","targetHints":{"allow":["GET"]}}],"collection":[{"href":"https:\/\/www.3p-gmbh.de\/fr\/wp-json\/wp\/v2\/product"}],"about":[{"href":"https:\/\/www.3p-gmbh.de\/fr\/wp-json\/wp\/v2\/types\/product"}],"wp:featuredmedia":[{"embeddable":true,"href":"https:\/\/www.3p-gmbh.de\/fr\/wp-json\/wp\/v2\/media\/60523"}],"wp:attachment":[{"href":"https:\/\/www.3p-gmbh.de\/fr\/wp-json\/wp\/v2\/media?parent=89895"}],"wp:term":[{"taxonomy":"product_brand","embeddable":true,"href":"https:\/\/www.3p-gmbh.de\/fr\/wp-json\/wp\/v2\/product_brand?post=89895"},{"taxonomy":"product_cat","embeddable":true,"href":"https:\/\/www.3p-gmbh.de\/fr\/wp-json\/wp\/v2\/product_cat?post=89895"},{"taxonomy":"product_tag","embeddable":true,"href":"https:\/\/www.3p-gmbh.de\/fr\/wp-json\/wp\/v2\/product_tag?post=89895"}],"curies":[{"name":"wp","href":"https:\/\/api.w.org\/{rel}","templated":true}]}}