{"id":89891,"date":"2021-09-23T08:45:24","date_gmt":"2021-09-23T08:45:24","guid":{"rendered":"https:\/\/www.3p-gmbh.de\/produkt\/deux-leve-palettes-electriques-butler-1200\/"},"modified":"2021-09-23T08:45:24","modified_gmt":"2021-09-23T08:45:24","slug":"crics-electriques-a-deux-palettes-butler-1200","status":"publish","type":"product","link":"https:\/\/www.3p-gmbh.de\/fr\/produkt\/crics-electriques-a-deux-palettes-butler-1200\/","title":{"rendered":"deux l\u00e8ve-palettes \u00e9lectriques Butler 1200"},"content":{"rendered":"<p><strong>L\u00e8ve-palettes Butler 1200<\/strong><\/p>\n<p>2x de l&rsquo;ann\u00e9e 2000<\/p>\n<p>maintient les palettes \u00e0 la hauteur de travail optimale, le levage et l&rsquo;abaissement s&rsquo;effectuent \u00e0 l&rsquo;aide de boutons-poussoirs,<br \/>\nles roulettes permettent un transport facile jusqu&rsquo;au poste de travail<br \/>\nlongueur de fourche 1100mm adapt\u00e9e aux europalettes standard<br \/>\npoids propre : 330 kg<br \/>\ncapacit\u00e9 de charge : 1200 kg<br \/>\nhauteur de levage : 1000 mm<br \/>\nalimentation \u00e9lectrique : 380 V<br \/>\ndisponible 2 pi\u00e8ces<\/p>\n","protected":false},"excerpt":{"rendered":"<p>L\u00e8ve-palettes Butler 1200 2x de l&rsquo;ann\u00e9e 2000 maintient les palettes \u00e0 la hauteur de travail optimale, le levage et l&rsquo;abaissement s&rsquo;effectuent \u00e0 l&rsquo;aide de boutons-poussoirs, les roulettes permettent un transport facile jusqu&rsquo;au poste de travail longueur de fourche 1100mm adapt\u00e9e aux europalettes standard poids propre : 330 kg capacit\u00e9 de charge : 1200 kg hauteur [&hellip;]<\/p>\n","protected":false},"featured_media":60545,"template":"","meta":[],"product_brand":[],"product_cat":[2977],"product_tag":[],"class_list":{"0":"post-89891","1":"product","2":"type-product","3":"status-publish","4":"has-post-thumbnail","6":"product_cat-elevateurs-de-piles-et-gerbeurs","7":"pa_hersteller-butler","8":"pa_typ-1898","10":"first","11":"instock","12":"taxable","13":"shipping-taxable","14":"product-type-simple"},"jetpack_sharing_enabled":true,"_links":{"self":[{"href":"https:\/\/www.3p-gmbh.de\/fr\/wp-json\/wp\/v2\/product\/89891","targetHints":{"allow":["GET"]}}],"collection":[{"href":"https:\/\/www.3p-gmbh.de\/fr\/wp-json\/wp\/v2\/product"}],"about":[{"href":"https:\/\/www.3p-gmbh.de\/fr\/wp-json\/wp\/v2\/types\/product"}],"wp:featuredmedia":[{"embeddable":true,"href":"https:\/\/www.3p-gmbh.de\/fr\/wp-json\/wp\/v2\/media\/60545"}],"wp:attachment":[{"href":"https:\/\/www.3p-gmbh.de\/fr\/wp-json\/wp\/v2\/media?parent=89891"}],"wp:term":[{"taxonomy":"product_brand","embeddable":true,"href":"https:\/\/www.3p-gmbh.de\/fr\/wp-json\/wp\/v2\/product_brand?post=89891"},{"taxonomy":"product_cat","embeddable":true,"href":"https:\/\/www.3p-gmbh.de\/fr\/wp-json\/wp\/v2\/product_cat?post=89891"},{"taxonomy":"product_tag","embeddable":true,"href":"https:\/\/www.3p-gmbh.de\/fr\/wp-json\/wp\/v2\/product_tag?post=89891"}],"curies":[{"name":"wp","href":"https:\/\/api.w.org\/{rel}","templated":true}]}}