{"id":89890,"date":"2021-10-06T08:37:49","date_gmt":"2021-10-06T08:37:49","guid":{"rendered":"https:\/\/www.3p-gmbh.de\/produkt\/impression-offset-stock-dencres-residus-dencres-dimprimerie-couleurs-speciales-emballage-dorigine\/"},"modified":"2021-10-06T08:37:49","modified_gmt":"2021-10-06T08:37:49","slug":"impression-offset-stockage-dencres-reste-dencres-speciales-emballage-dorigine","status":"publish","type":"product","link":"https:\/\/www.3p-gmbh.de\/fr\/produkt\/impression-offset-stockage-dencres-reste-dencres-speciales-emballage-dorigine\/","title":{"rendered":"Impression offset Stock d&rsquo;encres R\u00e9sidus d&rsquo;encres d&rsquo;imprimerie Couleurs sp\u00e9ciales Emballage d&rsquo;origine"},"content":{"rendered":"<p><strong>Impression offset Stock d&rsquo;encres R\u00e9sidus d&rsquo;encres d&rsquo;imprimerie Couleurs sp\u00e9ciales Emballage d&rsquo;origine<\/strong><\/p>\n","protected":false},"excerpt":{"rendered":"<p>Impression offset Stock d&rsquo;encres R\u00e9sidus d&rsquo;encres d&rsquo;imprimerie Couleurs sp\u00e9ciales Emballage d&rsquo;origine<\/p>\n","protected":false},"featured_media":60566,"template":"","meta":[],"product_brand":[],"product_cat":[2902],"product_tag":[],"class_list":{"0":"post-89890","1":"product","2":"type-product","3":"status-publish","4":"has-post-thumbnail","6":"product_cat-accessoires-et-pieces-de-rechange-pour-machines-dimpression","8":"first","9":"instock","10":"taxable","11":"shipping-taxable","12":"product-type-simple"},"jetpack_sharing_enabled":true,"_links":{"self":[{"href":"https:\/\/www.3p-gmbh.de\/fr\/wp-json\/wp\/v2\/product\/89890","targetHints":{"allow":["GET"]}}],"collection":[{"href":"https:\/\/www.3p-gmbh.de\/fr\/wp-json\/wp\/v2\/product"}],"about":[{"href":"https:\/\/www.3p-gmbh.de\/fr\/wp-json\/wp\/v2\/types\/product"}],"wp:featuredmedia":[{"embeddable":true,"href":"https:\/\/www.3p-gmbh.de\/fr\/wp-json\/wp\/v2\/media\/60566"}],"wp:attachment":[{"href":"https:\/\/www.3p-gmbh.de\/fr\/wp-json\/wp\/v2\/media?parent=89890"}],"wp:term":[{"taxonomy":"product_brand","embeddable":true,"href":"https:\/\/www.3p-gmbh.de\/fr\/wp-json\/wp\/v2\/product_brand?post=89890"},{"taxonomy":"product_cat","embeddable":true,"href":"https:\/\/www.3p-gmbh.de\/fr\/wp-json\/wp\/v2\/product_cat?post=89890"},{"taxonomy":"product_tag","embeddable":true,"href":"https:\/\/www.3p-gmbh.de\/fr\/wp-json\/wp\/v2\/product_tag?post=89890"}],"curies":[{"name":"wp","href":"https:\/\/api.w.org\/{rel}","templated":true}]}}