{"id":89889,"date":"2021-09-23T08:01:49","date_gmt":"2021-09-23T08:01:49","guid":{"rendered":"https:\/\/www.3p-gmbh.de\/produkt\/sortie-automatique-des-bottes-5x-palamides-delta-705-avec-interface-mbo\/"},"modified":"2021-09-23T08:01:49","modified_gmt":"2021-09-23T08:01:49","slug":"sortie-automatique-a-5-rotules-palamides-delta-705-avec-mbo-interface","status":"publish","type":"product","link":"https:\/\/www.3p-gmbh.de\/fr\/produkt\/sortie-automatique-a-5-rotules-palamides-delta-705-avec-mbo-interface\/","title":{"rendered":"sortie automatique des bottes 5x Palamides delta 705 avec interface MBO"},"content":{"rendered":"<p><strong>sortie automatique des bottes 5x Palamides delta 705 avec interface MBO<\/strong><br \/>\n<strong>Ann\u00e9e de construction 2015<\/strong><\/p>\n<p>Heures de fonctionnement 5599<br \/>\nCompteur de cycles 231.636<\/p>\n<p>Plage de formats max. 760x305mm, min. 110x95mm<br \/>\nlargeur de travail 760 mm<\/p>\n<p>Banderolage avec banderole 5x30mm<\/p>\n<p>Selon la facture, la machine est \u00e9quip\u00e9e des \u00e9l\u00e9ments suivants :<\/p>\n<p>01 M1151-04 Sortie automatique delta 705<br \/>\n02 01.00145 El\u00e9vateur de paquets 700<br \/>\n03 01.00263 Dispositif de soufflage d&rsquo;air 705<br \/>\n04 01.00080 Dispositif petit format 705<br \/>\n05 01.00059 Niveau d&#8217;empilage 70 mm \/ 38 mm<br \/>\n06 15.10000 FR Pack linguistique allemand<\/p>\n<p><a href=\"https:\/\/www.3p-gmbh.de\/wp-content\/uploads\/2021\/09\/20210916081818151.pdf\">20210916081818151<\/a><\/p>\n","protected":false},"excerpt":{"rendered":"<p>sortie automatique des bottes 5x Palamides delta 705 avec interface MBO Ann\u00e9e de construction 2015 Heures de fonctionnement 5599 Compteur de cycles 231.636 Plage de formats max. 760x305mm, min. 110x95mm largeur de travail 760 mm Banderolage avec banderole 5x30mm Selon la facture, la machine est \u00e9quip\u00e9e des \u00e9l\u00e9ments suivants : 01 M1151-04 Sortie automatique delta [&hellip;]<\/p>\n","protected":false},"featured_media":60530,"template":"","meta":[],"product_brand":[],"product_cat":[2916],"product_tag":[],"class_list":{"0":"post-89889","1":"product","2":"type-product","3":"status-publish","4":"has-post-thumbnail","6":"product_cat-depenses","7":"pa_hersteller-palamides","8":"pa_typ-delta-705","10":"first","11":"instock","12":"taxable","13":"shipping-taxable","14":"product-type-simple"},"jetpack_sharing_enabled":true,"_links":{"self":[{"href":"https:\/\/www.3p-gmbh.de\/fr\/wp-json\/wp\/v2\/product\/89889","targetHints":{"allow":["GET"]}}],"collection":[{"href":"https:\/\/www.3p-gmbh.de\/fr\/wp-json\/wp\/v2\/product"}],"about":[{"href":"https:\/\/www.3p-gmbh.de\/fr\/wp-json\/wp\/v2\/types\/product"}],"wp:featuredmedia":[{"embeddable":true,"href":"https:\/\/www.3p-gmbh.de\/fr\/wp-json\/wp\/v2\/media\/60530"}],"wp:attachment":[{"href":"https:\/\/www.3p-gmbh.de\/fr\/wp-json\/wp\/v2\/media?parent=89889"}],"wp:term":[{"taxonomy":"product_brand","embeddable":true,"href":"https:\/\/www.3p-gmbh.de\/fr\/wp-json\/wp\/v2\/product_brand?post=89889"},{"taxonomy":"product_cat","embeddable":true,"href":"https:\/\/www.3p-gmbh.de\/fr\/wp-json\/wp\/v2\/product_cat?post=89889"},{"taxonomy":"product_tag","embeddable":true,"href":"https:\/\/www.3p-gmbh.de\/fr\/wp-json\/wp\/v2\/product_tag?post=89889"}],"curies":[{"name":"wp","href":"https:\/\/api.w.org\/{rel}","templated":true}]}}