{"id":89871,"date":"2021-10-06T08:56:12","date_gmt":"2021-10-06T08:56:12","guid":{"rendered":"https:\/\/www.3p-gmbh.de\/produkt\/heidelberg-piece-de-rechange-fj-0730045-00-cellule-a-reflexion-directe-pepperlfuchs\/"},"modified":"2021-10-06T08:56:12","modified_gmt":"2021-10-06T08:56:12","slug":"heidelberg-ersatzteil-fj-0730045-00-bouton-poussoir-reflex-pepperlfuchs","status":"publish","type":"product","link":"https:\/\/www.3p-gmbh.de\/fr\/produkt\/heidelberg-ersatzteil-fj-0730045-00-bouton-poussoir-reflex-pepperlfuchs\/","title":{"rendered":"Heidelberg pi\u00e8ce de rechange FJ.0730045 00 Cellule \u00e0 r\u00e9flexion directe Pepperl+Fuchs"},"content":{"rendered":"<p><strong>Heidelberg pi\u00e8ce de rechange FJ.0730045 00 Cellule \u00e0 r\u00e9flexion directe Pepperl+Fuchs  <\/strong><\/p>\n","protected":false},"excerpt":{"rendered":"<p>Heidelberg pi\u00e8ce de rechange FJ.0730045 00 Cellule \u00e0 r\u00e9flexion directe Pepperl+Fuchs<\/p>\n","protected":false},"featured_media":60579,"template":"","meta":[],"product_brand":[],"product_cat":[2886,2876],"product_tag":[],"class_list":{"0":"post-89871","1":"product","2":"type-product","3":"status-publish","4":"has-post-thumbnail","6":"product_cat-accessoires-pour-plieuses","7":"product_cat-equipement-datelier","8":"pa_hersteller-heidelberg","10":"first","11":"instock","12":"taxable","13":"shipping-taxable","14":"product-type-simple"},"jetpack_sharing_enabled":true,"_links":{"self":[{"href":"https:\/\/www.3p-gmbh.de\/fr\/wp-json\/wp\/v2\/product\/89871","targetHints":{"allow":["GET"]}}],"collection":[{"href":"https:\/\/www.3p-gmbh.de\/fr\/wp-json\/wp\/v2\/product"}],"about":[{"href":"https:\/\/www.3p-gmbh.de\/fr\/wp-json\/wp\/v2\/types\/product"}],"wp:featuredmedia":[{"embeddable":true,"href":"https:\/\/www.3p-gmbh.de\/fr\/wp-json\/wp\/v2\/media\/60579"}],"wp:attachment":[{"href":"https:\/\/www.3p-gmbh.de\/fr\/wp-json\/wp\/v2\/media?parent=89871"}],"wp:term":[{"taxonomy":"product_brand","embeddable":true,"href":"https:\/\/www.3p-gmbh.de\/fr\/wp-json\/wp\/v2\/product_brand?post=89871"},{"taxonomy":"product_cat","embeddable":true,"href":"https:\/\/www.3p-gmbh.de\/fr\/wp-json\/wp\/v2\/product_cat?post=89871"},{"taxonomy":"product_tag","embeddable":true,"href":"https:\/\/www.3p-gmbh.de\/fr\/wp-json\/wp\/v2\/product_tag?post=89871"}],"curies":[{"name":"wp","href":"https:\/\/api.w.org\/{rel}","templated":true}]}}