{"id":89855,"date":"2021-10-06T09:05:05","date_gmt":"2021-10-06T09:05:05","guid":{"rendered":"https:\/\/www.3p-gmbh.de\/produkt\/rarete-presse-a-lithographie-motorisee-peter-van-ginkel-modele-l-90-moteur\/"},"modified":"2021-10-06T09:05:05","modified_gmt":"2021-10-06T09:05:05","slug":"raritaet-motorise-presse-lithographique-peter-van-ginkel-modele-l-90-moteur","status":"publish","type":"product","link":"https:\/\/www.3p-gmbh.de\/fr\/produkt\/raritaet-motorise-presse-lithographique-peter-van-ginkel-modele-l-90-moteur\/","title":{"rendered":"Raret\u00e9 Presse \u00e0 lithographie motoris\u00e9e Peter van Ginkel Mod\u00e8le L-90 Moteur"},"content":{"rendered":"<p><strong>Presse \u00e0 lithographie motoris\u00e9e Peter van Ginkel L-90 Motor<\/strong><br \/>\n<strong>Ann\u00e9e de construction 1991<\/strong><\/p>\n<p>L&rsquo;ancien propri\u00e9taire \u00e9tait l&rsquo;\u00c9cole sup\u00e9rieure de graphisme et d&rsquo;art du livre de Leipzig.<br \/>\nFormat de papier 900 x 1.500 mm,<br \/>\nDimensions de la machine L 2670 x l 1.400 mm de large,<br \/>\nHauteur de travail 830 mm,<br \/>\n900 mm<br \/>\nTapis\/blanchet en caoutchouc \u00e0 renouveler<\/p>\n<p>L&rsquo;appareil est actuellement stock\u00e9 d\u00e9mont\u00e9 pour le Transpor.<\/p>\n<p>&nbsp;<\/p>\n","protected":false},"excerpt":{"rendered":"<p>Presse \u00e0 lithographie motoris\u00e9e Peter van Ginkel L-90 Motor Ann\u00e9e de construction 1991 L&rsquo;ancien propri\u00e9taire \u00e9tait l&rsquo;\u00c9cole sup\u00e9rieure de graphisme et d&rsquo;art du livre de Leipzig. Format de papier 900 x 1.500 mm, Dimensions de la machine L 2670 x l 1.400 mm de large, Hauteur de travail 830 mm, 900 mm Tapis\/blanchet en caoutchouc [&hellip;]<\/p>\n","protected":false},"featured_media":60591,"template":"","meta":[],"product_brand":[],"product_cat":[2918],"product_tag":[],"class_list":{"0":"post-89855","1":"product","2":"type-product","3":"status-publish","4":"has-post-thumbnail","6":"product_cat-presses-fr","7":"pa_hersteller-peter-van-ginkel","8":"pa_typ-l-90-motor","10":"first","11":"instock","12":"taxable","13":"shipping-taxable","14":"product-type-simple"},"jetpack_sharing_enabled":true,"_links":{"self":[{"href":"https:\/\/www.3p-gmbh.de\/fr\/wp-json\/wp\/v2\/product\/89855","targetHints":{"allow":["GET"]}}],"collection":[{"href":"https:\/\/www.3p-gmbh.de\/fr\/wp-json\/wp\/v2\/product"}],"about":[{"href":"https:\/\/www.3p-gmbh.de\/fr\/wp-json\/wp\/v2\/types\/product"}],"wp:featuredmedia":[{"embeddable":true,"href":"https:\/\/www.3p-gmbh.de\/fr\/wp-json\/wp\/v2\/media\/60591"}],"wp:attachment":[{"href":"https:\/\/www.3p-gmbh.de\/fr\/wp-json\/wp\/v2\/media?parent=89855"}],"wp:term":[{"taxonomy":"product_brand","embeddable":true,"href":"https:\/\/www.3p-gmbh.de\/fr\/wp-json\/wp\/v2\/product_brand?post=89855"},{"taxonomy":"product_cat","embeddable":true,"href":"https:\/\/www.3p-gmbh.de\/fr\/wp-json\/wp\/v2\/product_cat?post=89855"},{"taxonomy":"product_tag","embeddable":true,"href":"https:\/\/www.3p-gmbh.de\/fr\/wp-json\/wp\/v2\/product_tag?post=89855"}],"curies":[{"name":"wp","href":"https:\/\/api.w.org\/{rel}","templated":true}]}}