{"id":89854,"date":"2021-10-06T08:59:55","date_gmt":"2021-10-06T08:59:55","guid":{"rendered":"https:\/\/www.3p-gmbh.de\/produkt\/sortie-de-presse-a-arcades-debout-mbo-sbap-46-me\/"},"modified":"2021-10-06T08:59:55","modified_gmt":"2021-10-06T08:59:55","slug":"sortie-de-presse-a-arc-vertical-mbo-sbap-46-me","status":"publish","type":"product","link":"https:\/\/www.3p-gmbh.de\/fr\/produkt\/sortie-de-presse-a-arc-vertical-mbo-sbap-46-me\/","title":{"rendered":"Sortie de presse \u00e0 arcades debout MBO SBAP 46 ME"},"content":{"rendered":"<p><strong>Sortie de presse \u00e0 feuilles debout MBO SBAP 46 ME<br \/>\n<\/strong>avec dispositif de marquage<br \/>\nde l&rsquo;ann\u00e9e 2003<br \/>\nFiche de raccordement 28 p\u00f4les<\/p>\n","protected":false},"excerpt":{"rendered":"<p>Sortie de presse \u00e0 feuilles debout MBO SBAP 46 ME avec dispositif de marquage de l&rsquo;ann\u00e9e 2003 Fiche de raccordement 28 p\u00f4les<\/p>\n","protected":false},"featured_media":60580,"template":"","meta":[],"product_brand":[],"product_cat":[2916],"product_tag":[],"class_list":{"0":"post-89854","1":"product","2":"type-product","3":"status-publish","4":"has-post-thumbnail","6":"product_cat-depenses","7":"pa_hersteller-mbo","8":"pa_typ-sbap-46-me","10":"first","11":"instock","12":"taxable","13":"shipping-taxable","14":"product-type-simple"},"jetpack_sharing_enabled":true,"_links":{"self":[{"href":"https:\/\/www.3p-gmbh.de\/fr\/wp-json\/wp\/v2\/product\/89854","targetHints":{"allow":["GET"]}}],"collection":[{"href":"https:\/\/www.3p-gmbh.de\/fr\/wp-json\/wp\/v2\/product"}],"about":[{"href":"https:\/\/www.3p-gmbh.de\/fr\/wp-json\/wp\/v2\/types\/product"}],"wp:featuredmedia":[{"embeddable":true,"href":"https:\/\/www.3p-gmbh.de\/fr\/wp-json\/wp\/v2\/media\/60580"}],"wp:attachment":[{"href":"https:\/\/www.3p-gmbh.de\/fr\/wp-json\/wp\/v2\/media?parent=89854"}],"wp:term":[{"taxonomy":"product_brand","embeddable":true,"href":"https:\/\/www.3p-gmbh.de\/fr\/wp-json\/wp\/v2\/product_brand?post=89854"},{"taxonomy":"product_cat","embeddable":true,"href":"https:\/\/www.3p-gmbh.de\/fr\/wp-json\/wp\/v2\/product_cat?post=89854"},{"taxonomy":"product_tag","embeddable":true,"href":"https:\/\/www.3p-gmbh.de\/fr\/wp-json\/wp\/v2\/product_tag?post=89854"}],"curies":[{"name":"wp","href":"https:\/\/api.w.org\/{rel}","templated":true}]}}