{"id":89833,"date":"2021-10-15T20:53:44","date_gmt":"2021-10-15T20:53:44","guid":{"rendered":"https:\/\/www.3p-gmbh.de\/produkt\/courroie-mbo-numero-de-piece-17-2202-00\/"},"modified":"2021-10-15T20:53:44","modified_gmt":"2021-10-15T20:53:44","slug":"riemen-mbo-teilenummer-17-2202-00","status":"publish","type":"product","link":"https:\/\/www.3p-gmbh.de\/fr\/produkt\/riemen-mbo-teilenummer-17-2202-00\/","title":{"rendered":"Courroie MBO num\u00e9ro de pi\u00e8ce 17.2202.00"},"content":{"rendered":"<div><strong>Courroie MBO num\u00e9ro de pi\u00e8ce 17.2202.00<\/strong><\/div>\n<div><\/div>\n<div>pour les plieuses MBO Vacubelt margeur \u00e0 succion Courroies<\/div>\n","protected":false},"excerpt":{"rendered":"<p>Courroie MBO num\u00e9ro de pi\u00e8ce 17.2202.00 pour les plieuses MBO Vacubelt margeur \u00e0 succion Courroies<\/p>\n","protected":false},"featured_media":60639,"template":"","meta":[],"product_brand":[],"product_cat":[2886],"product_tag":[],"class_list":{"0":"post-89833","1":"product","2":"type-product","3":"status-publish","4":"has-post-thumbnail","6":"product_cat-accessoires-pour-plieuses","7":"pa_hersteller-mbo","9":"first","10":"instock","11":"taxable","12":"shipping-taxable","13":"product-type-simple"},"jetpack_sharing_enabled":true,"_links":{"self":[{"href":"https:\/\/www.3p-gmbh.de\/fr\/wp-json\/wp\/v2\/product\/89833","targetHints":{"allow":["GET"]}}],"collection":[{"href":"https:\/\/www.3p-gmbh.de\/fr\/wp-json\/wp\/v2\/product"}],"about":[{"href":"https:\/\/www.3p-gmbh.de\/fr\/wp-json\/wp\/v2\/types\/product"}],"wp:featuredmedia":[{"embeddable":true,"href":"https:\/\/www.3p-gmbh.de\/fr\/wp-json\/wp\/v2\/media\/60639"}],"wp:attachment":[{"href":"https:\/\/www.3p-gmbh.de\/fr\/wp-json\/wp\/v2\/media?parent=89833"}],"wp:term":[{"taxonomy":"product_brand","embeddable":true,"href":"https:\/\/www.3p-gmbh.de\/fr\/wp-json\/wp\/v2\/product_brand?post=89833"},{"taxonomy":"product_cat","embeddable":true,"href":"https:\/\/www.3p-gmbh.de\/fr\/wp-json\/wp\/v2\/product_cat?post=89833"},{"taxonomy":"product_tag","embeddable":true,"href":"https:\/\/www.3p-gmbh.de\/fr\/wp-json\/wp\/v2\/product_tag?post=89833"}],"curies":[{"name":"wp","href":"https:\/\/api.w.org\/{rel}","templated":true}]}}