{"id":89815,"date":"2021-10-15T21:25:06","date_gmt":"2021-10-15T21:25:06","guid":{"rendered":"https:\/\/www.3p-gmbh.de\/produkt\/bande-dinsertion-pour-compteuse-josef-foellmer-ou-vacuumatic-vicount\/"},"modified":"2021-10-15T21:25:06","modified_gmt":"2021-10-15T21:25:06","slug":"bande-dinsertion-pour-machine-a-compter-josef-foellmer-ou-vacuumatic-vicount","status":"publish","type":"product","link":"https:\/\/www.3p-gmbh.de\/fr\/produkt\/bande-dinsertion-pour-machine-a-compter-josef-foellmer-ou-vacuumatic-vicount\/","title":{"rendered":"Bande d&rsquo;insertion pour compteuse Josef Foellmer ou Vacuumatic Vicount"},"content":{"rendered":"<p><strong>Bande d&rsquo;insertion pour compteuse Josef Foellmer ou Vacuumatic Vicount<\/strong><\/p>\n<p>Papier ZM VERT 230g\/m<br \/>\nB : 6,3mm L : 65m Diam\u00e8tre ext\u00e9rieur : 150mm<br \/>\nDouille : \u00d8 env. 25mm<\/p>\n","protected":false},"excerpt":{"rendered":"<p>Bande d&rsquo;insertion pour compteuse Josef Foellmer ou Vacuumatic Vicount Papier ZM VERT 230g\/m B : 6,3mm L : 65m Diam\u00e8tre ext\u00e9rieur : 150mm Douille : \u00d8 env. 25mm<\/p>\n","protected":false},"featured_media":60682,"template":"","meta":[],"product_brand":[],"product_cat":[2998],"product_tag":[],"class_list":{"0":"post-89815","1":"product","2":"type-product","3":"status-publish","4":"has-post-thumbnail","6":"product_cat-machines-a-compter-le-papier","8":"first","9":"instock","10":"taxable","11":"shipping-taxable","12":"product-type-simple"},"jetpack_sharing_enabled":true,"_links":{"self":[{"href":"https:\/\/www.3p-gmbh.de\/fr\/wp-json\/wp\/v2\/product\/89815","targetHints":{"allow":["GET"]}}],"collection":[{"href":"https:\/\/www.3p-gmbh.de\/fr\/wp-json\/wp\/v2\/product"}],"about":[{"href":"https:\/\/www.3p-gmbh.de\/fr\/wp-json\/wp\/v2\/types\/product"}],"wp:featuredmedia":[{"embeddable":true,"href":"https:\/\/www.3p-gmbh.de\/fr\/wp-json\/wp\/v2\/media\/60682"}],"wp:attachment":[{"href":"https:\/\/www.3p-gmbh.de\/fr\/wp-json\/wp\/v2\/media?parent=89815"}],"wp:term":[{"taxonomy":"product_brand","embeddable":true,"href":"https:\/\/www.3p-gmbh.de\/fr\/wp-json\/wp\/v2\/product_brand?post=89815"},{"taxonomy":"product_cat","embeddable":true,"href":"https:\/\/www.3p-gmbh.de\/fr\/wp-json\/wp\/v2\/product_cat?post=89815"},{"taxonomy":"product_tag","embeddable":true,"href":"https:\/\/www.3p-gmbh.de\/fr\/wp-json\/wp\/v2\/product_tag?post=89815"}],"curies":[{"name":"wp","href":"https:\/\/api.w.org\/{rel}","templated":true}]}}