{"id":89813,"date":"2021-10-15T21:24:09","date_gmt":"2021-10-15T21:24:09","guid":{"rendered":"https:\/\/www.3p-gmbh.de\/produkt\/bande-dinsertion-pour-enfonce-bande-vacuumatic-modele-cuti-et-cuti-2-bande-dinsertion-marron\/"},"modified":"2021-10-15T21:24:09","modified_gmt":"2021-10-15T21:24:09","slug":"bande-dinsertion-pour-vacuumatic-bande-dinsertion-modele-cuti-et-cuti-2-bande-dinsertion-marron","status":"publish","type":"product","link":"https:\/\/www.3p-gmbh.de\/fr\/produkt\/bande-dinsertion-pour-vacuumatic-bande-dinsertion-modele-cuti-et-cuti-2-bande-dinsertion-marron\/","title":{"rendered":"Bande d&rsquo;insertion pour enfonce-bande Vacuumatic mod\u00e8le CUTI et Cuti 2 Bande d&rsquo;insertion (marron)"},"content":{"rendered":"<p><strong>Bande d&rsquo;insertion pour l&rsquo;enfonce-bande Vacuumatic mod\u00e8le CUTI et Cuti 2 <\/strong><strong>Bande d&rsquo;insertion (marron)<\/strong><\/p>\n<p>papier 185g\/m<br \/>\nB : 13mm L : 110-115m de long Diam\u00e8tre ext\u00e9rieur, max. 215mm<br \/>\nDouille \u00d8 76mm<\/p>\n","protected":false},"excerpt":{"rendered":"<p>Bande d&rsquo;insertion pour l&rsquo;enfonce-bande Vacuumatic mod\u00e8le CUTI et Cuti 2 Bande d&rsquo;insertion (marron) papier 185g\/m B : 13mm L : 110-115m de long Diam\u00e8tre ext\u00e9rieur, max. 215mm Douille \u00d8 76mm<\/p>\n","protected":false},"featured_media":60681,"template":"","meta":[],"product_brand":[],"product_cat":[2998],"product_tag":[],"class_list":{"0":"post-89813","1":"product","2":"type-product","3":"status-publish","4":"has-post-thumbnail","6":"product_cat-machines-a-compter-le-papier","8":"first","9":"instock","10":"taxable","11":"shipping-taxable","12":"product-type-simple"},"jetpack_sharing_enabled":true,"_links":{"self":[{"href":"https:\/\/www.3p-gmbh.de\/fr\/wp-json\/wp\/v2\/product\/89813","targetHints":{"allow":["GET"]}}],"collection":[{"href":"https:\/\/www.3p-gmbh.de\/fr\/wp-json\/wp\/v2\/product"}],"about":[{"href":"https:\/\/www.3p-gmbh.de\/fr\/wp-json\/wp\/v2\/types\/product"}],"wp:featuredmedia":[{"embeddable":true,"href":"https:\/\/www.3p-gmbh.de\/fr\/wp-json\/wp\/v2\/media\/60681"}],"wp:attachment":[{"href":"https:\/\/www.3p-gmbh.de\/fr\/wp-json\/wp\/v2\/media?parent=89813"}],"wp:term":[{"taxonomy":"product_brand","embeddable":true,"href":"https:\/\/www.3p-gmbh.de\/fr\/wp-json\/wp\/v2\/product_brand?post=89813"},{"taxonomy":"product_cat","embeddable":true,"href":"https:\/\/www.3p-gmbh.de\/fr\/wp-json\/wp\/v2\/product_cat?post=89813"},{"taxonomy":"product_tag","embeddable":true,"href":"https:\/\/www.3p-gmbh.de\/fr\/wp-json\/wp\/v2\/product_tag?post=89813"}],"curies":[{"name":"wp","href":"https:\/\/api.w.org\/{rel}","templated":true}]}}