{"id":89743,"date":"2021-10-26T13:07:31","date_gmt":"2021-10-26T13:07:31","guid":{"rendered":"https:\/\/www.3p-gmbh.de\/produkt\/bobineuse-refendeuse-avec-lame-circulaire-et-enrouleur-ou-derouleur-mobile\/"},"modified":"2021-10-26T13:07:31","modified_gmt":"2021-10-26T13:07:31","slug":"coupeuse-rouleau-avec-couteau-circulaire-et-rouleau-mobile","status":"publish","type":"product","link":"https:\/\/www.3p-gmbh.de\/fr\/produkt\/coupeuse-rouleau-avec-couteau-circulaire-et-rouleau-mobile\/","title":{"rendered":"Bobineuse-refendeuse avec lame circulaire et enrouleur ou d\u00e9rouleur mobile"},"content":{"rendered":"<p><strong>Bobineuse-refendeuse avec lame circulaire et enrouleur ou d\u00e9rouleur mobile<\/strong><\/p>\n<p>coupeuse lourde \u00e0 lame circulaire<br \/>\nmax. largeur du rouleau 120cm<br \/>\npneumatique Arbre de serrage<br \/>\nun couteau circulaire<br \/>\n2 lames de rechange<br \/>\nD\u00e9roulement\/enroulement<\/p>\n","protected":false},"excerpt":{"rendered":"<p>Bobineuse-refendeuse avec lame circulaire et enrouleur ou d\u00e9rouleur mobile coupeuse lourde \u00e0 lame circulaire max. largeur du rouleau 120cm pneumatique Arbre de serrage un couteau circulaire 2 lames de rechange D\u00e9roulement\/enroulement<\/p>\n","protected":false},"featured_media":60718,"template":"","meta":[],"product_brand":[],"product_cat":[2889,3016],"product_tag":[],"class_list":{"0":"post-89743","1":"product","2":"type-product","3":"status-publish","4":"has-post-thumbnail","6":"product_cat-autre-transformation-du-papier","7":"product_cat-machines-de-decoupe","9":"first","10":"instock","11":"taxable","12":"shipping-taxable","13":"product-type-simple"},"jetpack_sharing_enabled":true,"_links":{"self":[{"href":"https:\/\/www.3p-gmbh.de\/fr\/wp-json\/wp\/v2\/product\/89743","targetHints":{"allow":["GET"]}}],"collection":[{"href":"https:\/\/www.3p-gmbh.de\/fr\/wp-json\/wp\/v2\/product"}],"about":[{"href":"https:\/\/www.3p-gmbh.de\/fr\/wp-json\/wp\/v2\/types\/product"}],"wp:featuredmedia":[{"embeddable":true,"href":"https:\/\/www.3p-gmbh.de\/fr\/wp-json\/wp\/v2\/media\/60718"}],"wp:attachment":[{"href":"https:\/\/www.3p-gmbh.de\/fr\/wp-json\/wp\/v2\/media?parent=89743"}],"wp:term":[{"taxonomy":"product_brand","embeddable":true,"href":"https:\/\/www.3p-gmbh.de\/fr\/wp-json\/wp\/v2\/product_brand?post=89743"},{"taxonomy":"product_cat","embeddable":true,"href":"https:\/\/www.3p-gmbh.de\/fr\/wp-json\/wp\/v2\/product_cat?post=89743"},{"taxonomy":"product_tag","embeddable":true,"href":"https:\/\/www.3p-gmbh.de\/fr\/wp-json\/wp\/v2\/product_tag?post=89743"}],"curies":[{"name":"wp","href":"https:\/\/api.w.org\/{rel}","templated":true}]}}