{"id":89735,"date":"2021-10-26T13:20:34","date_gmt":"2021-10-26T13:20:34","guid":{"rendered":"https:\/\/www.3p-gmbh.de\/produkt\/mbo-table-mobile-dangle-et-46-avec-tasseau-a-billes\/"},"modified":"2021-10-26T13:20:34","modified_gmt":"2021-10-26T13:20:34","slug":"mbo-table-dappui-dangle-mobile-et-46-avec-barre-de-balles","status":"publish","type":"product","link":"https:\/\/www.3p-gmbh.de\/fr\/produkt\/mbo-table-dappui-dangle-mobile-et-46-avec-barre-de-balles\/","title":{"rendered":"MBO table mobile d&rsquo;angle ET 46 avec tasseau \u00e0 billes"},"content":{"rendered":"<p>MBO table mobile d&rsquo;angle ET 46 avec tasseau \u00e0 billes<br \/>\nus\u00e9 &#8211; r\u00e9vis\u00e9<\/p>\n<p>Comme l&rsquo;ET 46 peut pivoter de 180\u00b0, il convient aussi bien \u00e0 une installation \u00e0 gauche qu&rsquo;\u00e0 droite.<br \/>\nLa r\u00e8gle d&rsquo;alignement de l&rsquo;ET 46 est \u00e9quip\u00e9e d&rsquo;une barre \u00e0 billes pour les produits standard.<\/p>\n<p>En combinaison avec une plieuse \u00e0 couteau mobile, les tables d&rsquo;alimentation d&rsquo;angle sur les plieuses combin\u00e9es servent \u00e0 r\u00e9aliser un pli parall\u00e8le pour le pli crois\u00e9 et le pli triple ou un pli fen\u00eatre ferm\u00e9. A la suite de l&rsquo;encartage-piquage, il est possible de r\u00e9aliser un pliage parall\u00e8le au dos. La combinaison d&rsquo;une table de transport d&rsquo;angle, d&rsquo;un margeur \u00e0 tambour et d&rsquo;une plieuse \u00e0 couteau mobile donne une unit\u00e9 de pliage par couches.<\/p>\n","protected":false},"excerpt":{"rendered":"<p>MBO table mobile d&rsquo;angle ET 46 avec tasseau \u00e0 billes us\u00e9 &#8211; r\u00e9vis\u00e9 Comme l&rsquo;ET 46 peut pivoter de 180\u00b0, il convient aussi bien \u00e0 une installation \u00e0 gauche qu&rsquo;\u00e0 droite. La r\u00e8gle d&rsquo;alignement de l&rsquo;ET 46 est \u00e9quip\u00e9e d&rsquo;une barre \u00e0 billes pour les produits standard. En combinaison avec une plieuse \u00e0 couteau mobile, [&hellip;]<\/p>\n","protected":false},"featured_media":60738,"template":"","meta":[],"product_brand":[],"product_cat":[2886,3040],"product_tag":[],"class_list":{"0":"post-89735","1":"product","2":"type-product","3":"status-publish","4":"has-post-thumbnail","6":"product_cat-accessoires-pour-plieuses","7":"product_cat-technique-de-convoyage","8":"pa_hersteller-mbo","9":"pa_typ-et-46","11":"first","12":"instock","13":"taxable","14":"shipping-taxable","15":"product-type-simple"},"jetpack_sharing_enabled":true,"_links":{"self":[{"href":"https:\/\/www.3p-gmbh.de\/fr\/wp-json\/wp\/v2\/product\/89735","targetHints":{"allow":["GET"]}}],"collection":[{"href":"https:\/\/www.3p-gmbh.de\/fr\/wp-json\/wp\/v2\/product"}],"about":[{"href":"https:\/\/www.3p-gmbh.de\/fr\/wp-json\/wp\/v2\/types\/product"}],"wp:featuredmedia":[{"embeddable":true,"href":"https:\/\/www.3p-gmbh.de\/fr\/wp-json\/wp\/v2\/media\/60738"}],"wp:attachment":[{"href":"https:\/\/www.3p-gmbh.de\/fr\/wp-json\/wp\/v2\/media?parent=89735"}],"wp:term":[{"taxonomy":"product_brand","embeddable":true,"href":"https:\/\/www.3p-gmbh.de\/fr\/wp-json\/wp\/v2\/product_brand?post=89735"},{"taxonomy":"product_cat","embeddable":true,"href":"https:\/\/www.3p-gmbh.de\/fr\/wp-json\/wp\/v2\/product_cat?post=89735"},{"taxonomy":"product_tag","embeddable":true,"href":"https:\/\/www.3p-gmbh.de\/fr\/wp-json\/wp\/v2\/product_tag?post=89735"}],"curies":[{"name":"wp","href":"https:\/\/api.w.org\/{rel}","templated":true}]}}