{"id":89720,"date":"2021-11-18T09:46:22","date_gmt":"2021-11-18T09:46:22","guid":{"rendered":"https:\/\/www.3p-gmbh.de\/produkt\/petit-compresseur-elektra-beckum-basic-euro\/"},"modified":"2021-11-18T09:46:22","modified_gmt":"2021-11-18T09:46:22","slug":"petit-compresseur-elektra-beckum-basic-euro","status":"publish","type":"product","link":"https:\/\/www.3p-gmbh.de\/fr\/produkt\/petit-compresseur-elektra-beckum-basic-euro\/","title":{"rendered":"Petit compresseur Elektra Beckum Basic Euro"},"content":{"rendered":"<p><strong>Petit compresseur Elektra Beckum Basic Euro<\/strong><br \/>\nde 2003<\/p>\n<p>compresseur \u00e0 piston mobile tr\u00e8s robuste &#8211; convient aux petites applications commerciales vari\u00e9es<br \/>\npour courant alternatif monophas\u00e9 avec r\u00e9ducteur de pression pour pression de travail r\u00e9gul\u00e9e<\/p>\n<p>Donn\u00e9es techniques<br \/>\nD\u00e9bit d&rsquo;aspiration : 220 l\/min<br \/>\nCapacit\u00e9 de remplissage : 110 l\/min<br \/>\nMax. Pression : 8 bar<br \/>\nPuissance absorb\u00e9e nominale : 1,1 kW<br \/>\nVitesse de rotation : 2.850 \/min<br \/>\nTension : 230 V<br \/>\nTaille de la chaudi\u00e8re : 24 l<br \/>\nPoids : 21,5 kg<br \/>\nDimensions : 600 x 260 x 660 mm<\/p>\n","protected":false},"excerpt":{"rendered":"<p>Petit compresseur Elektra Beckum Basic Euro de 2003 compresseur \u00e0 piston mobile tr\u00e8s robuste &#8211; convient aux petites applications commerciales vari\u00e9es pour courant alternatif monophas\u00e9 avec r\u00e9ducteur de pression pour pression de travail r\u00e9gul\u00e9e Donn\u00e9es techniques D\u00e9bit d&rsquo;aspiration : 220 l\/min Capacit\u00e9 de remplissage : 110 l\/min Max. Pression : 8 bar Puissance absorb\u00e9e nominale [&hellip;]<\/p>\n","protected":false},"featured_media":60744,"template":"","meta":[],"product_brand":[],"product_cat":[2934],"product_tag":[],"class_list":{"0":"post-89720","1":"product","2":"type-product","3":"status-publish","4":"has-post-thumbnail","6":"product_cat-compresseurs-pompes-a-vide","7":"pa_hersteller-elektra-beckum","8":"pa_typ-basic-euro","10":"first","11":"instock","12":"taxable","13":"shipping-taxable","14":"product-type-simple"},"jetpack_sharing_enabled":true,"_links":{"self":[{"href":"https:\/\/www.3p-gmbh.de\/fr\/wp-json\/wp\/v2\/product\/89720","targetHints":{"allow":["GET"]}}],"collection":[{"href":"https:\/\/www.3p-gmbh.de\/fr\/wp-json\/wp\/v2\/product"}],"about":[{"href":"https:\/\/www.3p-gmbh.de\/fr\/wp-json\/wp\/v2\/types\/product"}],"wp:featuredmedia":[{"embeddable":true,"href":"https:\/\/www.3p-gmbh.de\/fr\/wp-json\/wp\/v2\/media\/60744"}],"wp:attachment":[{"href":"https:\/\/www.3p-gmbh.de\/fr\/wp-json\/wp\/v2\/media?parent=89720"}],"wp:term":[{"taxonomy":"product_brand","embeddable":true,"href":"https:\/\/www.3p-gmbh.de\/fr\/wp-json\/wp\/v2\/product_brand?post=89720"},{"taxonomy":"product_cat","embeddable":true,"href":"https:\/\/www.3p-gmbh.de\/fr\/wp-json\/wp\/v2\/product_cat?post=89720"},{"taxonomy":"product_tag","embeddable":true,"href":"https:\/\/www.3p-gmbh.de\/fr\/wp-json\/wp\/v2\/product_tag?post=89720"}],"curies":[{"name":"wp","href":"https:\/\/api.w.org\/{rel}","templated":true}]}}