{"id":89716,"date":"2021-11-18T09:53:09","date_gmt":"2021-11-18T09:53:09","guid":{"rendered":"https:\/\/www.3p-gmbh.de\/produkt\/encolleuse-de-blocs-automation-blox-50-u\/"},"modified":"2021-11-18T09:53:09","modified_gmt":"2021-11-18T09:53:09","slug":"blockleimmaschine-automation-blox-50-u","status":"publish","type":"product","link":"https:\/\/www.3p-gmbh.de\/fr\/produkt\/blockleimmaschine-automation-blox-50-u\/","title":{"rendered":"Encolleuse de blocs Automation Blox 50 U"},"content":{"rendered":"<p><strong>Encolleuse de blocs Automation Blox 50 U<\/strong><br \/>\n<strong>de l&rsquo;ann\u00e9e 1994<\/strong><\/p>\n<p>pour la fabrication rationnelle de blocs de toutes sortes dans une plage de formats allant de DIN A6 \u00e0 DIN A3<br \/>\net d\u00e9velopp\u00e9s aussi bien pour les petits que pour les grands tirages.<\/p>\n<p>Les blocs sont cr\u00e9\u00e9s \u00e0 la main.<br \/>\nD\u00e9pend du type de bloc, de son \u00e9paisseur et de sa taille, ainsi que de la pr\u00e9paration,<br \/>\npeut \u00eatre cr\u00e9\u00e9 par un investisseur jusqu&rsquo;\u00e0 1800 blocs.<\/p>\n<p>La t\u00eate verticale de colle chaude fait partie de l&rsquo;ensemble, ferm\u00e9 herm\u00e9tiquement,<br \/>\nsyst\u00e8me de colle sans entretien et sans odeur.<\/p>\n<p>Le margeur de couvertures avec dispositif de rainage alimente les feuilles de couverture,<br \/>\nqui sont repli\u00e9s sur le c\u00f4t\u00e9 encoll\u00e9 et fix\u00e9s au carton inf\u00e9rieur par la colle chaude r\u00e9activ\u00e9e.<\/p>\n<p>Les blocs sont compt\u00e9s et empil\u00e9s avec pr\u00e9cision sur la table de sortie.<br \/>\net pr\u00eat \u00e0 \u00eatre emball\u00e9.<\/p>\n<p>Vous trouverez la description compl\u00e8te de la machine dans le document en annexe.<\/p>\n<p><a href=\"https:\/\/www.3p-gmbh.de\/wp-content\/uploads\/2021\/11\/BLOX-50-U_Deutsch.doc\">BLOX 50 U_Fran\u00e7ais<\/a><\/p>\n","protected":false},"excerpt":{"rendered":"<p>Encolleuse de blocs Automation Blox 50 U de l&rsquo;ann\u00e9e 1994 pour la fabrication rationnelle de blocs de toutes sortes dans une plage de formats allant de DIN A6 \u00e0 DIN A3 et d\u00e9velopp\u00e9s aussi bien pour les petits que pour les grands tirages. Les blocs sont cr\u00e9\u00e9s \u00e0 la main. D\u00e9pend du type de bloc, [&hellip;]<\/p>\n","protected":false},"featured_media":60750,"template":"","meta":[],"product_brand":[],"product_cat":[2890],"product_tag":[],"class_list":{"0":"post-89716","1":"product","2":"type-product","3":"status-publish","4":"has-post-thumbnail","6":"product_cat-reliure-dassortiment","7":"pa_hersteller-automation","8":"pa_typ-blox-50-u","10":"first","11":"instock","12":"taxable","13":"shipping-taxable","14":"product-type-simple"},"jetpack_sharing_enabled":true,"_links":{"self":[{"href":"https:\/\/www.3p-gmbh.de\/fr\/wp-json\/wp\/v2\/product\/89716","targetHints":{"allow":["GET"]}}],"collection":[{"href":"https:\/\/www.3p-gmbh.de\/fr\/wp-json\/wp\/v2\/product"}],"about":[{"href":"https:\/\/www.3p-gmbh.de\/fr\/wp-json\/wp\/v2\/types\/product"}],"wp:featuredmedia":[{"embeddable":true,"href":"https:\/\/www.3p-gmbh.de\/fr\/wp-json\/wp\/v2\/media\/60750"}],"wp:attachment":[{"href":"https:\/\/www.3p-gmbh.de\/fr\/wp-json\/wp\/v2\/media?parent=89716"}],"wp:term":[{"taxonomy":"product_brand","embeddable":true,"href":"https:\/\/www.3p-gmbh.de\/fr\/wp-json\/wp\/v2\/product_brand?post=89716"},{"taxonomy":"product_cat","embeddable":true,"href":"https:\/\/www.3p-gmbh.de\/fr\/wp-json\/wp\/v2\/product_cat?post=89716"},{"taxonomy":"product_tag","embeddable":true,"href":"https:\/\/www.3p-gmbh.de\/fr\/wp-json\/wp\/v2\/product_tag?post=89716"}],"curies":[{"name":"wp","href":"https:\/\/api.w.org\/{rel}","templated":true}]}}