{"id":89709,"date":"2021-11-18T10:00:20","date_gmt":"2021-11-18T10:00:20","guid":{"rendered":"https:\/\/www.3p-gmbh.de\/produkt\/constantin-hang-machine-a-huile-hang-101-11-piccolo-iii-avec-table-dappui-et-butee\/"},"modified":"2021-11-18T10:00:20","modified_gmt":"2021-11-18T10:00:20","slug":"constantin-hang-oesmaschine-hang-101-11-piccolo-iii-avec-table-dappui-et-butee","status":"publish","type":"product","link":"https:\/\/www.3p-gmbh.de\/fr\/produkt\/constantin-hang-oesmaschine-hang-101-11-piccolo-iii-avec-table-dappui-et-butee\/","title":{"rendered":"Constantin Hang Machine \u00e0 huile Hang 101-11 Piccolo III avec table d&rsquo;appui et but\u00e9e"},"content":{"rendered":"<p><strong>Constantin Hang Machine \u00e0 huile Hang 101-11 Piccolo III avec table d&rsquo;appui et but\u00e9e<\/strong><\/p>\n<ul>\n<li>Pour papier, carton ou autres. Mat\u00e9riaux jusqu&rsquo;\u00e0 2 mm d&rsquo;\u00e9paisseur.<\/li>\n<li>In\u00e9gal\u00e9e, d&rsquo;une souplesse sans \u00e9gale<\/li>\n<li>Avec alimentation automatique en huile par le biais d&rsquo;un magasin<\/li>\n<li>Permet de perforer et d&rsquo;\u0153ser en une seule op\u00e9ration, l&rsquo;\u0153illet perforant lui-m\u00eame le trou<\/li>\n<li>pour \u0153illets de 5,5 mm de diam\u00e8tre int\u00e9rieur (perforation de classement)<\/li>\n<li>Utilisable avec le mod\u00e8le \u00e0 \u0153illets 24 pour 2 \u00e0 15 feuilles<\/li>\n<\/ul>\n","protected":false},"excerpt":{"rendered":"<p>Constantin Hang Machine \u00e0 huile Hang 101-11 Piccolo III avec table d&rsquo;appui et but\u00e9e Pour papier, carton ou autres. Mat\u00e9riaux jusqu&rsquo;\u00e0 2 mm d&rsquo;\u00e9paisseur. In\u00e9gal\u00e9e, d&rsquo;une souplesse sans \u00e9gale Avec alimentation automatique en huile par le biais d&rsquo;un magasin Permet de perforer et d&rsquo;\u0153ser en une seule op\u00e9ration, l&rsquo;\u0153illet perforant lui-m\u00eame le trou pour \u0153illets [&hellip;]<\/p>\n","protected":false},"featured_media":60758,"template":"","meta":[],"product_brand":[],"product_cat":[3052],"product_tag":[],"class_list":{"0":"post-89709","1":"product","2":"type-product","3":"status-publish","4":"has-post-thumbnail","6":"product_cat-machines-a-huile","7":"pa_hersteller-constantin-hang","8":"pa_typ-101-11-piccolo-iii","10":"first","11":"instock","12":"taxable","13":"shipping-taxable","14":"product-type-simple"},"jetpack_sharing_enabled":true,"_links":{"self":[{"href":"https:\/\/www.3p-gmbh.de\/fr\/wp-json\/wp\/v2\/product\/89709","targetHints":{"allow":["GET"]}}],"collection":[{"href":"https:\/\/www.3p-gmbh.de\/fr\/wp-json\/wp\/v2\/product"}],"about":[{"href":"https:\/\/www.3p-gmbh.de\/fr\/wp-json\/wp\/v2\/types\/product"}],"wp:featuredmedia":[{"embeddable":true,"href":"https:\/\/www.3p-gmbh.de\/fr\/wp-json\/wp\/v2\/media\/60758"}],"wp:attachment":[{"href":"https:\/\/www.3p-gmbh.de\/fr\/wp-json\/wp\/v2\/media?parent=89709"}],"wp:term":[{"taxonomy":"product_brand","embeddable":true,"href":"https:\/\/www.3p-gmbh.de\/fr\/wp-json\/wp\/v2\/product_brand?post=89709"},{"taxonomy":"product_cat","embeddable":true,"href":"https:\/\/www.3p-gmbh.de\/fr\/wp-json\/wp\/v2\/product_cat?post=89709"},{"taxonomy":"product_tag","embeddable":true,"href":"https:\/\/www.3p-gmbh.de\/fr\/wp-json\/wp\/v2\/product_tag?post=89709"}],"curies":[{"name":"wp","href":"https:\/\/api.w.org\/{rel}","templated":true}]}}