{"id":89697,"date":"2021-11-18T10:43:13","date_gmt":"2021-11-18T10:43:13","guid":{"rendered":"https:\/\/www.3p-gmbh.de\/produkt\/collimateur-a-rouleaux-a-5-positions-rotatek-rc-3\/"},"modified":"2021-11-18T10:43:13","modified_gmt":"2021-11-18T10:43:13","slug":"5-fois-rollcollator-rotatek-rc-3","status":"publish","type":"product","link":"https:\/\/www.3p-gmbh.de\/fr\/produkt\/5-fois-rollcollator-rotatek-rc-3\/","title":{"rendered":"Collimateur \u00e0 rouleaux \u00e0 5 positions Rotatek RC-3"},"content":{"rendered":"<div><strong>Collimateur \u00e0 rouleaux \u00e0 5 positions Rotatek RC-3<\/strong><\/div>\n<div><strong>de 1996<\/strong><\/div>\n<div><\/div>\n<div><a href=\"https:\/\/www.3p-gmbh.de\/wp-content\/uploads\/2021\/11\/Rotatec-RC-3.pdf\">Rotatec RC 3<\/a><\/div>\n<div><\/div>\n<div><a href=\"https:\/\/youtu.be\/Z46xqvaAw_A\" target=\"_blank\" rel=\"noopener\">https:\/\/youtu.be\/Z46xqvaAw_A<\/a><\/div>\n","protected":false},"excerpt":{"rendered":"<p>Collimateur \u00e0 rouleaux \u00e0 5 positions Rotatek RC-3 de 1996 Rotatec RC 3 https:\/\/youtu.be\/Z46xqvaAw_A<\/p>\n","protected":false},"featured_media":60793,"template":"","meta":[],"product_brand":[],"product_cat":[3010],"product_tag":[],"class_list":{"0":"post-89697","1":"product","2":"type-product","3":"status-publish","4":"has-post-thumbnail","6":"product_cat-impression-offset-rotative","7":"pa_hersteller-rotatek","8":"pa_typ-rc-3","10":"first","11":"instock","12":"taxable","13":"shipping-taxable","14":"product-type-simple"},"jetpack_sharing_enabled":true,"_links":{"self":[{"href":"https:\/\/www.3p-gmbh.de\/fr\/wp-json\/wp\/v2\/product\/89697","targetHints":{"allow":["GET"]}}],"collection":[{"href":"https:\/\/www.3p-gmbh.de\/fr\/wp-json\/wp\/v2\/product"}],"about":[{"href":"https:\/\/www.3p-gmbh.de\/fr\/wp-json\/wp\/v2\/types\/product"}],"wp:featuredmedia":[{"embeddable":true,"href":"https:\/\/www.3p-gmbh.de\/fr\/wp-json\/wp\/v2\/media\/60793"}],"wp:attachment":[{"href":"https:\/\/www.3p-gmbh.de\/fr\/wp-json\/wp\/v2\/media?parent=89697"}],"wp:term":[{"taxonomy":"product_brand","embeddable":true,"href":"https:\/\/www.3p-gmbh.de\/fr\/wp-json\/wp\/v2\/product_brand?post=89697"},{"taxonomy":"product_cat","embeddable":true,"href":"https:\/\/www.3p-gmbh.de\/fr\/wp-json\/wp\/v2\/product_cat?post=89697"},{"taxonomy":"product_tag","embeddable":true,"href":"https:\/\/www.3p-gmbh.de\/fr\/wp-json\/wp\/v2\/product_tag?post=89697"}],"curies":[{"name":"wp","href":"https:\/\/api.w.org\/{rel}","templated":true}]}}