{"id":89693,"date":"2021-11-18T10:35:19","date_gmt":"2021-11-18T10:35:19","guid":{"rendered":"https:\/\/www.3p-gmbh.de\/produkt\/plieuse-a-poches-semi-automatique-reglable-mathias-baeuerle-multimaster-cas-38-4-fl38-sa\/"},"modified":"2021-11-18T10:35:19","modified_gmt":"2021-11-18T10:35:19","slug":"plieuse-de-poche-semi-automatique-reglable-mathias-baeuerle-multimaster-cas-38-4-fl38-sa","status":"publish","type":"product","link":"https:\/\/www.3p-gmbh.de\/fr\/produkt\/plieuse-de-poche-semi-automatique-reglable-mathias-baeuerle-multimaster-cas-38-4-fl38-sa\/","title":{"rendered":"Plieuse \u00e0 poches semi-automatique r\u00e9glable Mathias B\u00e4uerle Multimaster CAS 38-4-FL38-SA"},"content":{"rendered":"<p><strong>Mathias B\u00e4uerle Plieuse CAS 38-4-FL38-SA<\/strong><br \/>\n<strong>Ann\u00e9e de construction 2008<\/strong><br \/>\n<strong>est livr\u00e9 enti\u00e8rement r\u00e9vis\u00e9<\/strong><\/p>\n<p>Se compose de :<\/p>\n<ul>\n<li>FSA 38 margeur \u00e0 plat avec s\u00e9parateur de bords arri\u00e8re, contr\u00f4le de double feuille et table d&rsquo;alignement, compteur total, compteur de pr\u00e9s\u00e9lection, contr\u00f4le du passage des feuilles, indicateur de puissance<\/li>\n<li>Compresseur PICO<\/li>\n<li>Plieuse Multimaster CAS 38-4<br \/>\n&#8211; 4 poches de pliage automatiques r\u00e9glables<br \/>\n&#8211; rouleaux de pliage r\u00e9glables manuellement<\/li>\n<li>Exposition en \u00e9cailles SA<\/li>\n<\/ul>\n","protected":false},"excerpt":{"rendered":"<p>Mathias B\u00e4uerle Plieuse CAS 38-4-FL38-SA Ann\u00e9e de construction 2008 est livr\u00e9 enti\u00e8rement r\u00e9vis\u00e9 Se compose de : FSA 38 margeur \u00e0 plat avec s\u00e9parateur de bords arri\u00e8re, contr\u00f4le de double feuille et table d&rsquo;alignement, compteur total, compteur de pr\u00e9s\u00e9lection, contr\u00f4le du passage des feuilles, indicateur de puissance Compresseur PICO Plieuse Multimaster CAS 38-4 &#8211; 4 [&hellip;]<\/p>\n","protected":false},"featured_media":60791,"template":"","meta":[],"product_brand":[],"product_cat":[2984],"product_tag":[],"class_list":{"0":"post-89693","1":"product","2":"type-product","3":"status-publish","4":"has-post-thumbnail","6":"product_cat-plieuses-fr","7":"pa_hersteller-mathias-baeuerle","8":"pa_typ-cas-38-4-fl38-sa","10":"first","11":"instock","12":"taxable","13":"shipping-taxable","14":"product-type-simple"},"jetpack_sharing_enabled":true,"_links":{"self":[{"href":"https:\/\/www.3p-gmbh.de\/fr\/wp-json\/wp\/v2\/product\/89693","targetHints":{"allow":["GET"]}}],"collection":[{"href":"https:\/\/www.3p-gmbh.de\/fr\/wp-json\/wp\/v2\/product"}],"about":[{"href":"https:\/\/www.3p-gmbh.de\/fr\/wp-json\/wp\/v2\/types\/product"}],"wp:featuredmedia":[{"embeddable":true,"href":"https:\/\/www.3p-gmbh.de\/fr\/wp-json\/wp\/v2\/media\/60791"}],"wp:attachment":[{"href":"https:\/\/www.3p-gmbh.de\/fr\/wp-json\/wp\/v2\/media?parent=89693"}],"wp:term":[{"taxonomy":"product_brand","embeddable":true,"href":"https:\/\/www.3p-gmbh.de\/fr\/wp-json\/wp\/v2\/product_brand?post=89693"},{"taxonomy":"product_cat","embeddable":true,"href":"https:\/\/www.3p-gmbh.de\/fr\/wp-json\/wp\/v2\/product_cat?post=89693"},{"taxonomy":"product_tag","embeddable":true,"href":"https:\/\/www.3p-gmbh.de\/fr\/wp-json\/wp\/v2\/product_tag?post=89693"}],"curies":[{"name":"wp","href":"https:\/\/api.w.org\/{rel}","templated":true}]}}