{"id":89677,"date":"2021-11-18T10:48:15","date_gmt":"2021-11-18T10:48:15","guid":{"rendered":"https:\/\/www.3p-gmbh.de\/produkt\/plieuses-roue-daspiration-pu-pour-margeur-a-pile-plate-horizon\/"},"modified":"2021-11-18T10:48:15","modified_gmt":"2021-11-18T10:48:15","slug":"plieuse-suceuse-pu-pour-horizon-empileuse-plate","status":"publish","type":"product","link":"https:\/\/www.3p-gmbh.de\/fr\/produkt\/plieuse-suceuse-pu-pour-horizon-empileuse-plate\/","title":{"rendered":"Plieuses Roue d&rsquo;aspiration PU pour margeur \u00e0 pile plate Horizon"},"content":{"rendered":"<p><strong>Plieuses Roue d&rsquo;aspiration PU pour margeur \u00e0 pile plate Horizon<\/strong><\/p>\n<p>PU &#8211; Roue d&rsquo;aspiration pour margeur de piles plates Horizon<\/p>\n<p>rang\u00e9e de trous 3 fois \u00d8 120 mm, largeur : 50 mm<\/p>\n","protected":false},"excerpt":{"rendered":"<p>Plieuses Roue d&rsquo;aspiration PU pour margeur \u00e0 pile plate Horizon PU &#8211; Roue d&rsquo;aspiration pour margeur de piles plates Horizon rang\u00e9e de trous 3 fois \u00d8 120 mm, largeur : 50 mm<\/p>\n","protected":false},"featured_media":60822,"template":"","meta":[],"product_brand":[],"product_cat":[2886],"product_tag":[],"class_list":{"0":"post-89677","1":"product","2":"type-product","3":"status-publish","4":"has-post-thumbnail","6":"product_cat-accessoires-pour-plieuses","8":"first","9":"instock","10":"taxable","11":"shipping-taxable","12":"product-type-simple"},"jetpack_sharing_enabled":true,"_links":{"self":[{"href":"https:\/\/www.3p-gmbh.de\/fr\/wp-json\/wp\/v2\/product\/89677","targetHints":{"allow":["GET"]}}],"collection":[{"href":"https:\/\/www.3p-gmbh.de\/fr\/wp-json\/wp\/v2\/product"}],"about":[{"href":"https:\/\/www.3p-gmbh.de\/fr\/wp-json\/wp\/v2\/types\/product"}],"wp:featuredmedia":[{"embeddable":true,"href":"https:\/\/www.3p-gmbh.de\/fr\/wp-json\/wp\/v2\/media\/60822"}],"wp:attachment":[{"href":"https:\/\/www.3p-gmbh.de\/fr\/wp-json\/wp\/v2\/media?parent=89677"}],"wp:term":[{"taxonomy":"product_brand","embeddable":true,"href":"https:\/\/www.3p-gmbh.de\/fr\/wp-json\/wp\/v2\/product_brand?post=89677"},{"taxonomy":"product_cat","embeddable":true,"href":"https:\/\/www.3p-gmbh.de\/fr\/wp-json\/wp\/v2\/product_cat?post=89677"},{"taxonomy":"product_tag","embeddable":true,"href":"https:\/\/www.3p-gmbh.de\/fr\/wp-json\/wp\/v2\/product_tag?post=89677"}],"curies":[{"name":"wp","href":"https:\/\/api.w.org\/{rel}","templated":true}]}}