{"id":89673,"date":"2021-11-18T10:46:14","date_gmt":"2021-11-18T10:46:14","guid":{"rendered":"https:\/\/www.3p-gmbh.de\/produkt\/scanner-de-documents-scanner-a-plat-scanner-de-plans-avec-chargeur-de-documents-hp-designjet-4500\/"},"modified":"2021-11-18T10:46:14","modified_gmt":"2021-11-18T10:46:14","slug":"scanner-de-documents-scanner-a-plat-scanner-a-defilement-avec-chargeur-de-documents-hp-designjet-4500","status":"publish","type":"product","link":"https:\/\/www.3p-gmbh.de\/fr\/produkt\/scanner-de-documents-scanner-a-plat-scanner-a-defilement-avec-chargeur-de-documents-hp-designjet-4500\/","title":{"rendered":"Scanner de documents Scanner \u00e0 plat Scanner de plans avec chargeur de documents HP Designjet 4500"},"content":{"rendered":"<p><strong>Scanner de documents Scanner \u00e0 plat Scanner de plans avec chargeur de documents HP Designjet 4500<\/strong><br \/>\n<strong>Ann\u00e9e de construction 2016<\/strong><\/p>\n<p>la lampe du scanner a \u00e9t\u00e9 remplac\u00e9e en 08\/2020<\/p>\n","protected":false},"excerpt":{"rendered":"<p>Scanner de documents Scanner \u00e0 plat Scanner de plans avec chargeur de documents HP Designjet 4500 Ann\u00e9e de construction 2016 la lampe du scanner a \u00e9t\u00e9 remplac\u00e9e en 08\/2020<\/p>\n","protected":false},"featured_media":60813,"template":"","meta":[],"product_brand":[],"product_cat":[3079],"product_tag":[],"class_list":{"0":"post-89673","1":"product","2":"type-product","3":"status-publish","4":"has-post-thumbnail","6":"product_cat-scanner-fr","7":"pa_hersteller-hp","8":"pa_typ-designjet-4500","10":"first","11":"instock","12":"taxable","13":"shipping-taxable","14":"product-type-simple"},"jetpack_sharing_enabled":true,"_links":{"self":[{"href":"https:\/\/www.3p-gmbh.de\/fr\/wp-json\/wp\/v2\/product\/89673","targetHints":{"allow":["GET"]}}],"collection":[{"href":"https:\/\/www.3p-gmbh.de\/fr\/wp-json\/wp\/v2\/product"}],"about":[{"href":"https:\/\/www.3p-gmbh.de\/fr\/wp-json\/wp\/v2\/types\/product"}],"wp:featuredmedia":[{"embeddable":true,"href":"https:\/\/www.3p-gmbh.de\/fr\/wp-json\/wp\/v2\/media\/60813"}],"wp:attachment":[{"href":"https:\/\/www.3p-gmbh.de\/fr\/wp-json\/wp\/v2\/media?parent=89673"}],"wp:term":[{"taxonomy":"product_brand","embeddable":true,"href":"https:\/\/www.3p-gmbh.de\/fr\/wp-json\/wp\/v2\/product_brand?post=89673"},{"taxonomy":"product_cat","embeddable":true,"href":"https:\/\/www.3p-gmbh.de\/fr\/wp-json\/wp\/v2\/product_cat?post=89673"},{"taxonomy":"product_tag","embeddable":true,"href":"https:\/\/www.3p-gmbh.de\/fr\/wp-json\/wp\/v2\/product_tag?post=89673"}],"curies":[{"name":"wp","href":"https:\/\/api.w.org\/{rel}","templated":true}]}}