{"id":89666,"date":"2021-11-18T10:52:31","date_gmt":"2021-11-18T10:52:31","guid":{"rendered":"https:\/\/www.3p-gmbh.de\/produkt\/banderoleuse-de-table-hima-ba-350-30-banderoleuse-automatique\/"},"modified":"2021-11-18T10:52:31","modified_gmt":"2021-11-18T10:52:31","slug":"hima-ba-350-30-banderoleuse-de-table-automatique","status":"publish","type":"product","link":"https:\/\/www.3p-gmbh.de\/fr\/produkt\/hima-ba-350-30-banderoleuse-de-table-automatique\/","title":{"rendered":"Banderoleuse de table Hima BA 350-30 Banderoleuse automatique"},"content":{"rendered":"<p><strong>Banderoleuse de table Hima BA 350-30 Banderoleuse automatique  <\/strong><\/p>\n<ul>\n<li>Cr\u00e9ation automatique de banderoles en utilisant du papier kraft ou du film PE<\/li>\n<li>Rendement jusqu&rsquo;\u00e0 23 banderoles par minute selon la taille du produit \u00e0 emballer<\/li>\n<li>Silencieux et rapide<\/li>\n<li>Largeur du produit 30-350 mm<\/li>\n<li>hauteur du produit 5-200 mm<\/li>\n<li>largeur de bande 30 mm<\/li>\n<li>Le r\u00e9glage en continu de la tension du feuillard \u00e9vite d&rsquo;endommager le produit emball\u00e9<\/li>\n<li>Simplicit\u00e9 d&rsquo;utilisation<\/li>\n<li>D\u00e9clenchement de la cadence par bouton-poussoir ou p\u00e9dale de commande<\/li>\n<li>D\u00e9clenchement automatique de l&rsquo;horloge<\/li>\n<li>boucle de papier r\u00e9glable en continu<\/li>\n<\/ul>\n<p><strong><em>Donn\u00e9es techniques<\/em><\/strong><br \/>\nDimensions : L 540 x l 350 x H 420 mm<br \/>\nel. Puissance connect\u00e9e : 220 V \/ 50 Hz \/ 140 W<br \/>\npoids : environ 32 kg<\/p>\n","protected":false},"excerpt":{"rendered":"<p>Banderoleuse de table Hima BA 350-30 Banderoleuse automatique Cr\u00e9ation automatique de banderoles en utilisant du papier kraft ou du film PE Rendement jusqu&rsquo;\u00e0 23 banderoles par minute selon la taille du produit \u00e0 emballer Silencieux et rapide Largeur du produit 30-350 mm hauteur du produit 5-200 mm largeur de bande 30 mm Le r\u00e9glage en [&hellip;]<\/p>\n","protected":false},"featured_media":60826,"template":"","meta":[],"product_brand":[],"product_cat":[2855],"product_tag":[],"class_list":{"0":"post-89666","1":"product","2":"type-product","3":"status-publish","4":"has-post-thumbnail","6":"product_cat-banderoleuses","7":"pa_hersteller-hima","8":"pa_typ-ba-350-30","10":"first","11":"instock","12":"taxable","13":"shipping-taxable","14":"product-type-simple"},"jetpack_sharing_enabled":true,"_links":{"self":[{"href":"https:\/\/www.3p-gmbh.de\/fr\/wp-json\/wp\/v2\/product\/89666","targetHints":{"allow":["GET"]}}],"collection":[{"href":"https:\/\/www.3p-gmbh.de\/fr\/wp-json\/wp\/v2\/product"}],"about":[{"href":"https:\/\/www.3p-gmbh.de\/fr\/wp-json\/wp\/v2\/types\/product"}],"wp:featuredmedia":[{"embeddable":true,"href":"https:\/\/www.3p-gmbh.de\/fr\/wp-json\/wp\/v2\/media\/60826"}],"wp:attachment":[{"href":"https:\/\/www.3p-gmbh.de\/fr\/wp-json\/wp\/v2\/media?parent=89666"}],"wp:term":[{"taxonomy":"product_brand","embeddable":true,"href":"https:\/\/www.3p-gmbh.de\/fr\/wp-json\/wp\/v2\/product_brand?post=89666"},{"taxonomy":"product_cat","embeddable":true,"href":"https:\/\/www.3p-gmbh.de\/fr\/wp-json\/wp\/v2\/product_cat?post=89666"},{"taxonomy":"product_tag","embeddable":true,"href":"https:\/\/www.3p-gmbh.de\/fr\/wp-json\/wp\/v2\/product_tag?post=89666"}],"curies":[{"name":"wp","href":"https:\/\/api.w.org\/{rel}","templated":true}]}}