{"id":89665,"date":"2021-11-18T10:55:55","date_gmt":"2021-11-18T10:55:55","guid":{"rendered":"https:\/\/www.3p-gmbh.de\/produkt\/wire-o-outil-de-perforation-pour-classeur-a-anneaux-pour-poinconneuse-electrique-renz-dtp-340-et-dtp-340-m\/"},"modified":"2021-11-18T10:55:55","modified_gmt":"2021-11-18T10:55:55","slug":"wire-o-ringbook-perforatrice-pour-perforatrice-electrique-renz-dtp-340-et-dtp-340-m","status":"publish","type":"product","link":"https:\/\/www.3p-gmbh.de\/fr\/produkt\/wire-o-ringbook-perforatrice-pour-perforatrice-electrique-renz-dtp-340-et-dtp-340-m\/","title":{"rendered":"Wire O Outil de perforation pour classeur \u00e0 anneaux pour poin\u00e7onneuse \u00e9lectrique Renz DTP 340 et DTP 340 M"},"content":{"rendered":"<p><strong>Wire O Outil de perforation pour classeur \u00e0 anneaux pour poin\u00e7onneuse \u00e9lectrique Renz DTP 340 et DTP 340 M<\/strong><\/p>\n<p>en pas 2-1 avec trou rond de 6mm<\/p>\n","protected":false},"excerpt":{"rendered":"<p>Wire O Outil de perforation pour classeur \u00e0 anneaux pour poin\u00e7onneuse \u00e9lectrique Renz DTP 340 et DTP 340 M en pas 2-1 avec trou rond de 6mm<\/p>\n","protected":false},"featured_media":60829,"template":"","meta":[],"product_brand":[],"product_cat":[2904],"product_tag":[],"class_list":{"0":"post-89665","1":"product","2":"type-product","3":"status-publish","4":"has-post-thumbnail","6":"product_cat-poinconnage","8":"first","9":"instock","10":"taxable","11":"shipping-taxable","12":"product-type-simple"},"jetpack_sharing_enabled":true,"_links":{"self":[{"href":"https:\/\/www.3p-gmbh.de\/fr\/wp-json\/wp\/v2\/product\/89665","targetHints":{"allow":["GET"]}}],"collection":[{"href":"https:\/\/www.3p-gmbh.de\/fr\/wp-json\/wp\/v2\/product"}],"about":[{"href":"https:\/\/www.3p-gmbh.de\/fr\/wp-json\/wp\/v2\/types\/product"}],"wp:featuredmedia":[{"embeddable":true,"href":"https:\/\/www.3p-gmbh.de\/fr\/wp-json\/wp\/v2\/media\/60829"}],"wp:attachment":[{"href":"https:\/\/www.3p-gmbh.de\/fr\/wp-json\/wp\/v2\/media?parent=89665"}],"wp:term":[{"taxonomy":"product_brand","embeddable":true,"href":"https:\/\/www.3p-gmbh.de\/fr\/wp-json\/wp\/v2\/product_brand?post=89665"},{"taxonomy":"product_cat","embeddable":true,"href":"https:\/\/www.3p-gmbh.de\/fr\/wp-json\/wp\/v2\/product_cat?post=89665"},{"taxonomy":"product_tag","embeddable":true,"href":"https:\/\/www.3p-gmbh.de\/fr\/wp-json\/wp\/v2\/product_tag?post=89665"}],"curies":[{"name":"wp","href":"https:\/\/api.w.org\/{rel}","templated":true}]}}