{"id":89634,"date":"2021-12-20T23:23:01","date_gmt":"2021-12-20T23:23:01","guid":{"rendered":"https:\/\/www.3p-gmbh.de\/produkt\/glunz-jensen-interplater-tp-135-avec-stacker\/"},"modified":"2021-12-20T23:23:01","modified_gmt":"2021-12-20T23:23:01","slug":"glunz-jensen-interplater-tp-135-avec-stacker","status":"publish","type":"product","link":"https:\/\/www.3p-gmbh.de\/fr\/produkt\/glunz-jensen-interplater-tp-135-avec-stacker\/","title":{"rendered":"Glunz &amp; Jensen Interplater TP 135 avec stacker"},"content":{"rendered":"<p><strong>Glunz &amp; Jensen Interplater TP 135 avec stacker<\/strong><\/p>\n<div><span style=\"font-family: Arial;\">Largeur d&rsquo;entr\u00e9e 135 cm<\/span><\/div>\n<div><span style=\"font-family: Arial;\">utilis\u00e9 jusqu&rsquo;\u00e0 pr\u00e9sent pour les plaques thermiques<\/span><\/div>\n<div><\/div>\n<div><strong><span style=\"font-family: Arial;\">de l&rsquo;ann\u00e9e 2004 \u00e9tat de pointe<\/span><\/strong><\/div>\n","protected":false},"excerpt":{"rendered":"<p>Glunz &amp; Jensen Interplater TP 135 avec stacker Largeur d&rsquo;entr\u00e9e 135 cm utilis\u00e9 jusqu&rsquo;\u00e0 pr\u00e9sent pour les plaques thermiques de l&rsquo;ann\u00e9e 2004 \u00e9tat de pointe<\/p>\n","protected":false},"featured_media":60885,"template":"","meta":[],"product_brand":[],"product_cat":[2995],"product_tag":[],"class_list":{"0":"post-89634","1":"product","2":"type-product","3":"status-publish","4":"has-post-thumbnail","6":"product_cat-traitement-des-plaques-dimpression-fr","7":"pa_hersteller-glunz-jensen","8":"pa_typ-interplater-tp-135","10":"first","11":"instock","12":"taxable","13":"shipping-taxable","14":"product-type-simple"},"jetpack_sharing_enabled":true,"_links":{"self":[{"href":"https:\/\/www.3p-gmbh.de\/fr\/wp-json\/wp\/v2\/product\/89634","targetHints":{"allow":["GET"]}}],"collection":[{"href":"https:\/\/www.3p-gmbh.de\/fr\/wp-json\/wp\/v2\/product"}],"about":[{"href":"https:\/\/www.3p-gmbh.de\/fr\/wp-json\/wp\/v2\/types\/product"}],"wp:featuredmedia":[{"embeddable":true,"href":"https:\/\/www.3p-gmbh.de\/fr\/wp-json\/wp\/v2\/media\/60885"}],"wp:attachment":[{"href":"https:\/\/www.3p-gmbh.de\/fr\/wp-json\/wp\/v2\/media?parent=89634"}],"wp:term":[{"taxonomy":"product_brand","embeddable":true,"href":"https:\/\/www.3p-gmbh.de\/fr\/wp-json\/wp\/v2\/product_brand?post=89634"},{"taxonomy":"product_cat","embeddable":true,"href":"https:\/\/www.3p-gmbh.de\/fr\/wp-json\/wp\/v2\/product_cat?post=89634"},{"taxonomy":"product_tag","embeddable":true,"href":"https:\/\/www.3p-gmbh.de\/fr\/wp-json\/wp\/v2\/product_tag?post=89634"}],"curies":[{"name":"wp","href":"https:\/\/api.w.org\/{rel}","templated":true}]}}