{"id":89630,"date":"2021-12-21T00:03:43","date_gmt":"2021-12-21T00:03:43","guid":{"rendered":"https:\/\/www.3p-gmbh.de\/produkt\/toray-plaque-dimpression-offset-a-sec-developpeuse-koenings-ktw-863-avec-stacker\/"},"modified":"2021-12-21T00:03:43","modified_gmt":"2021-12-21T00:03:43","slug":"toray-machine-de-developpement-de-plaques-dimpression-offset-a-sec-koenings-ktw-863-avec-stacker","status":"publish","type":"product","link":"https:\/\/www.3p-gmbh.de\/fr\/produkt\/toray-machine-de-developpement-de-plaques-dimpression-offset-a-sec-koenings-ktw-863-avec-stacker\/","title":{"rendered":"Toray plaque d&rsquo;impression offset \u00e0 sec d\u00e9veloppeuse K\u00f6nings KTW 863 avec stacker"},"content":{"rendered":"<p style=\"font-weight: 400;\"><strong>Toray plaque d&rsquo;impression offset \u00e0 sec d\u00e9veloppeuse K\u00f6nings KTW 863 avec stacker<\/strong><\/p>\n<p style=\"font-weight: 400;\">Dimensions : H:105cm\/ L:155cm\/L:270cm<\/p>\n<p style=\"font-weight: 400;\">\n","protected":false},"excerpt":{"rendered":"<p>Toray plaque d&rsquo;impression offset \u00e0 sec d\u00e9veloppeuse K\u00f6nings KTW 863 avec stacker Dimensions : H:105cm\/ L:155cm\/L:270cm<\/p>\n","protected":false},"featured_media":60889,"template":"","meta":[],"product_brand":[],"product_cat":[2995],"product_tag":[],"class_list":{"0":"post-89630","1":"product","2":"type-product","3":"status-publish","4":"has-post-thumbnail","6":"product_cat-traitement-des-plaques-dimpression-fr","7":"pa_hersteller-koenings","8":"pa_typ-ktw-863","10":"first","11":"instock","12":"taxable","13":"shipping-taxable","14":"product-type-simple"},"jetpack_sharing_enabled":true,"_links":{"self":[{"href":"https:\/\/www.3p-gmbh.de\/fr\/wp-json\/wp\/v2\/product\/89630","targetHints":{"allow":["GET"]}}],"collection":[{"href":"https:\/\/www.3p-gmbh.de\/fr\/wp-json\/wp\/v2\/product"}],"about":[{"href":"https:\/\/www.3p-gmbh.de\/fr\/wp-json\/wp\/v2\/types\/product"}],"wp:featuredmedia":[{"embeddable":true,"href":"https:\/\/www.3p-gmbh.de\/fr\/wp-json\/wp\/v2\/media\/60889"}],"wp:attachment":[{"href":"https:\/\/www.3p-gmbh.de\/fr\/wp-json\/wp\/v2\/media?parent=89630"}],"wp:term":[{"taxonomy":"product_brand","embeddable":true,"href":"https:\/\/www.3p-gmbh.de\/fr\/wp-json\/wp\/v2\/product_brand?post=89630"},{"taxonomy":"product_cat","embeddable":true,"href":"https:\/\/www.3p-gmbh.de\/fr\/wp-json\/wp\/v2\/product_cat?post=89630"},{"taxonomy":"product_tag","embeddable":true,"href":"https:\/\/www.3p-gmbh.de\/fr\/wp-json\/wp\/v2\/product_tag?post=89630"}],"curies":[{"name":"wp","href":"https:\/\/api.w.org\/{rel}","templated":true}]}}