{"id":89618,"date":"2022-01-04T22:59:06","date_gmt":"2022-01-04T22:59:06","guid":{"rendered":"https:\/\/www.3p-gmbh.de\/produkt\/pupitre-daccord-whitescreen-normlicht-avec-eclairage-asymetrique-du-pupitre-et-du-panneau-arriere\/"},"modified":"2022-01-04T22:59:06","modified_gmt":"2022-01-04T22:59:06","slug":"whitescreen-normlicht-pupitre-daccord-avec-eclairage-asymetrique-du-pupitre-et-de-la-paroi-arriere","status":"publish","type":"product","link":"https:\/\/www.3p-gmbh.de\/fr\/produkt\/whitescreen-normlicht-pupitre-daccord-avec-eclairage-asymetrique-du-pupitre-et-de-la-paroi-arriere\/","title":{"rendered":"Pupitre d&rsquo;accord WhiteScreen Normlicht avec \u00e9clairage asym\u00e9trique du pupitre et du panneau arri\u00e8re"},"content":{"rendered":"<p><strong>Pupitre d&rsquo;accord WhiteScreen Normlicht avec \u00e9clairage asym\u00e9trique du pupitre et du panneau arri\u00e8re<\/strong><br \/>\nSupport de table env. 60x90cm<\/p>\n<p>avec armoire \u00e0 tiroirs<br \/>\n&#8211; un tiroir \u00e0 outils d&rsquo;environ 15 cm de hauteur<br \/>\n&#8211; sept compartiments de rangement d&rsquo;environ 6 cm de hauteur<\/p>\n","protected":false},"excerpt":{"rendered":"<p>Pupitre d&rsquo;accord WhiteScreen Normlicht avec \u00e9clairage asym\u00e9trique du pupitre et du panneau arri\u00e8re Support de table env. 60x90cm avec armoire \u00e0 tiroirs &#8211; un tiroir \u00e0 outils d&rsquo;environ 15 cm de hauteur &#8211; sept compartiments de rangement d&rsquo;environ 6 cm de hauteur<\/p>\n","protected":false},"featured_media":60922,"template":"","meta":[],"product_brand":[],"product_cat":[2930],"product_tag":[],"class_list":{"0":"post-89618","1":"product","2":"type-product","3":"status-publish","4":"has-post-thumbnail","6":"product_cat-instruments-de-mesure-et-assurance-qualite","8":"first","9":"instock","10":"taxable","11":"shipping-taxable","12":"product-type-simple"},"jetpack_sharing_enabled":true,"_links":{"self":[{"href":"https:\/\/www.3p-gmbh.de\/fr\/wp-json\/wp\/v2\/product\/89618","targetHints":{"allow":["GET"]}}],"collection":[{"href":"https:\/\/www.3p-gmbh.de\/fr\/wp-json\/wp\/v2\/product"}],"about":[{"href":"https:\/\/www.3p-gmbh.de\/fr\/wp-json\/wp\/v2\/types\/product"}],"wp:featuredmedia":[{"embeddable":true,"href":"https:\/\/www.3p-gmbh.de\/fr\/wp-json\/wp\/v2\/media\/60922"}],"wp:attachment":[{"href":"https:\/\/www.3p-gmbh.de\/fr\/wp-json\/wp\/v2\/media?parent=89618"}],"wp:term":[{"taxonomy":"product_brand","embeddable":true,"href":"https:\/\/www.3p-gmbh.de\/fr\/wp-json\/wp\/v2\/product_brand?post=89618"},{"taxonomy":"product_cat","embeddable":true,"href":"https:\/\/www.3p-gmbh.de\/fr\/wp-json\/wp\/v2\/product_cat?post=89618"},{"taxonomy":"product_tag","embeddable":true,"href":"https:\/\/www.3p-gmbh.de\/fr\/wp-json\/wp\/v2\/product_tag?post=89618"}],"curies":[{"name":"wp","href":"https:\/\/api.w.org\/{rel}","templated":true}]}}