{"id":89612,"date":"2022-01-04T23:43:45","date_gmt":"2022-01-04T23:43:45","guid":{"rendered":"https:\/\/www.3p-gmbh.de\/produkt\/margeur-a-feuilles-individuelles-par-aspiration-schneider-multigraf-375-xl-modele-375-202-22\/"},"modified":"2022-01-04T23:43:45","modified_gmt":"2022-01-04T23:43:45","slug":"einzelbogen-sauganleger-schneider-multigraf-375-xl-model-375-202-22","status":"publish","type":"product","link":"https:\/\/www.3p-gmbh.de\/fr\/produkt\/einzelbogen-sauganleger-schneider-multigraf-375-xl-model-375-202-22\/","title":{"rendered":"Margeur \u00e0 feuilles individuelles par aspiration Schneider Multigraf 375 xl Mod\u00e8le 375.202-22"},"content":{"rendered":"<p><strong>Margeur \u00e0 feuilles individuelles par aspiration Schneider Multigraf 375 xl Mod\u00e8le 375.202-22<\/strong><br \/>\nde l&rsquo;ann\u00e9e 2016<\/p>\n","protected":false},"excerpt":{"rendered":"<p>Margeur \u00e0 feuilles individuelles par aspiration Schneider Multigraf 375 xl Mod\u00e8le 375.202-22 de l&rsquo;ann\u00e9e 2016<\/p>\n","protected":false},"featured_media":60956,"template":"","meta":[],"product_brand":[],"product_cat":[3029],"product_tag":[],"class_list":{"0":"post-89612","1":"product","2":"type-product","3":"status-publish","4":"has-post-thumbnail","6":"product_cat-investisseurs","7":"pa_hersteller-schneider-multigraf","8":"pa_typ-multigraf-375-xl","10":"first","11":"instock","12":"taxable","13":"shipping-taxable","14":"product-type-simple"},"jetpack_sharing_enabled":true,"_links":{"self":[{"href":"https:\/\/www.3p-gmbh.de\/fr\/wp-json\/wp\/v2\/product\/89612","targetHints":{"allow":["GET"]}}],"collection":[{"href":"https:\/\/www.3p-gmbh.de\/fr\/wp-json\/wp\/v2\/product"}],"about":[{"href":"https:\/\/www.3p-gmbh.de\/fr\/wp-json\/wp\/v2\/types\/product"}],"wp:featuredmedia":[{"embeddable":true,"href":"https:\/\/www.3p-gmbh.de\/fr\/wp-json\/wp\/v2\/media\/60956"}],"wp:attachment":[{"href":"https:\/\/www.3p-gmbh.de\/fr\/wp-json\/wp\/v2\/media?parent=89612"}],"wp:term":[{"taxonomy":"product_brand","embeddable":true,"href":"https:\/\/www.3p-gmbh.de\/fr\/wp-json\/wp\/v2\/product_brand?post=89612"},{"taxonomy":"product_cat","embeddable":true,"href":"https:\/\/www.3p-gmbh.de\/fr\/wp-json\/wp\/v2\/product_cat?post=89612"},{"taxonomy":"product_tag","embeddable":true,"href":"https:\/\/www.3p-gmbh.de\/fr\/wp-json\/wp\/v2\/product_tag?post=89612"}],"curies":[{"name":"wp","href":"https:\/\/api.w.org\/{rel}","templated":true}]}}