{"id":89599,"date":"2022-01-04T23:46:35","date_gmt":"2022-01-04T23:46:35","guid":{"rendered":"https:\/\/www.3p-gmbh.de\/produkt\/heidelberg-stahlfolder-poche-de-pliage-de-fenetre-pneumatique-ftf-52\/"},"modified":"2022-01-04T23:46:35","modified_gmt":"2022-01-04T23:46:35","slug":"heidelberg-stahlfolder-pneumatique-poche-fenetre-ftf-52","status":"publish","type":"product","link":"https:\/\/www.3p-gmbh.de\/fr\/produkt\/heidelberg-stahlfolder-pneumatique-poche-fenetre-ftf-52\/","title":{"rendered":"Heidelberg Stahlfolder poche de pliage de fen\u00eatre pneumatique FTF 52"},"content":{"rendered":"<p><strong>Heidelberg Stahlfolder poche de pliage de fen\u00eatre pneumatique FTF 52<\/strong><\/p>\n<div>avec cellule photo\u00e9lectrique Omron<\/div>\n<div>avec bo\u00eetier de commande Stahl ACC 2.4<\/div>\n<div>avec console et unit\u00e9 de maintenance \u00e0 air comprim\u00e9<\/p>\n<\/div>\n<div>Air comprim\u00e9 requis par le client<\/div>\n","protected":false},"excerpt":{"rendered":"<p>Heidelberg Stahlfolder poche de pliage de fen\u00eatre pneumatique FTF 52 avec cellule photo\u00e9lectrique Omron avec bo\u00eetier de commande Stahl ACC 2.4 avec console et unit\u00e9 de maintenance \u00e0 air comprim\u00e9 Air comprim\u00e9 requis par le client<\/p>\n","protected":false},"featured_media":60958,"template":"","meta":[],"product_brand":[],"product_cat":[2886],"product_tag":[],"class_list":{"0":"post-89599","1":"product","2":"type-product","3":"status-publish","4":"has-post-thumbnail","6":"product_cat-accessoires-pour-plieuses","7":"pa_hersteller-heidelberg-stahlfolder","8":"pa_typ-ftf-52","10":"first","11":"instock","12":"taxable","13":"shipping-taxable","14":"product-type-simple"},"jetpack_sharing_enabled":true,"_links":{"self":[{"href":"https:\/\/www.3p-gmbh.de\/fr\/wp-json\/wp\/v2\/product\/89599","targetHints":{"allow":["GET"]}}],"collection":[{"href":"https:\/\/www.3p-gmbh.de\/fr\/wp-json\/wp\/v2\/product"}],"about":[{"href":"https:\/\/www.3p-gmbh.de\/fr\/wp-json\/wp\/v2\/types\/product"}],"wp:featuredmedia":[{"embeddable":true,"href":"https:\/\/www.3p-gmbh.de\/fr\/wp-json\/wp\/v2\/media\/60958"}],"wp:attachment":[{"href":"https:\/\/www.3p-gmbh.de\/fr\/wp-json\/wp\/v2\/media?parent=89599"}],"wp:term":[{"taxonomy":"product_brand","embeddable":true,"href":"https:\/\/www.3p-gmbh.de\/fr\/wp-json\/wp\/v2\/product_brand?post=89599"},{"taxonomy":"product_cat","embeddable":true,"href":"https:\/\/www.3p-gmbh.de\/fr\/wp-json\/wp\/v2\/product_cat?post=89599"},{"taxonomy":"product_tag","embeddable":true,"href":"https:\/\/www.3p-gmbh.de\/fr\/wp-json\/wp\/v2\/product_tag?post=89599"}],"curies":[{"name":"wp","href":"https:\/\/api.w.org\/{rel}","templated":true}]}}