{"id":89594,"date":"2022-01-28T15:01:24","date_gmt":"2022-01-28T15:01:24","guid":{"rendered":"https:\/\/www.3p-gmbh.de\/produkt\/pernuma-perfoset-e-xl-perforateur-et-obliterateur\/"},"modified":"2022-01-28T15:01:24","modified_gmt":"2022-01-28T15:01:24","slug":"pernuma-perfoset-e-xl-loch-u-entweraet","status":"publish","type":"product","link":"https:\/\/www.3p-gmbh.de\/fr\/produkt\/pernuma-perfoset-e-xl-loch-u-entweraet\/","title":{"rendered":"Pernuma PERFOSET E\/XL Perforateur et oblit\u00e9rateur"},"content":{"rendered":"<p><strong>Pernuma PERFOSET E\/XL Perforateur et oblit\u00e9rateur<\/strong><br \/>\n<strong>incl. 1 outil fixe \u00c9toile en \u00d8 8<\/strong><\/p>\n<p>La PERFOSET E\/XL est une annuleuse de trous \u00e9lectrique tr\u00e8s robuste destin\u00e9e aux bureaux.<br \/>\nJusqu&rsquo;\u00e0 100 feuilles (70 g) peuvent \u00eatre marqu\u00e9es d&rsquo;un signe de perforation en une seule op\u00e9ration.<br \/>\nLa profondeur d&rsquo;insertion est de 85 mm.<\/p>\n<p>Il est ainsi possible de marquer ou d&rsquo;annuler en toute s\u00e9curit\u00e9 des cartes d&rsquo;identit\u00e9, des cartes bancaires ou des documents d&rsquo;appel d&rsquo;offres, par exemple.<\/p>\n<p>Le caract\u00e8re souhait\u00e9 est int\u00e9gr\u00e9 de mani\u00e8re fixe.<\/p>\n<p>-machine \u00e9lectrique robuste de table avec un outil de perforation fixe en \u00d8 8 mm (standard)<br \/>\n-13 types de d\u00e9coupe diff\u00e9rents, d&rsquo;autres diam\u00e8tres (y compris la perforation europ\u00e9enne pour les blisters) sont disponibles en option contre un suppl\u00e9ment de prix<br \/>\nD\u00e9clenchement par bouton-poussoir lat\u00e9ral ou par p\u00e9dale \u00e9lectrique.<br \/>\n-perforation jusqu&rsquo;\u00e0 100 feuilles (papier 70 g\/m\u00b2)<br \/>\n-Profondeur d&rsquo;insertion : env. 85 mm (bord inf\u00e9rieur ou sup\u00e9rieur de la feuille de papier)<br \/>\n-but\u00e9e lat\u00e9rale et de profondeur r\u00e9glable<br \/>\n-Raccordement : 230 V \/ 50 Hz<br \/>\n-Dimensions : L390 x P590 x H270 mm (+emballage)<br \/>\n-Poids : 26<\/p>\n","protected":false},"excerpt":{"rendered":"<p>Pernuma PERFOSET E\/XL Perforateur et oblit\u00e9rateur incl. 1 outil fixe \u00c9toile en \u00d8 8 La PERFOSET E\/XL est une annuleuse de trous \u00e9lectrique tr\u00e8s robuste destin\u00e9e aux bureaux. Jusqu&rsquo;\u00e0 100 feuilles (70 g) peuvent \u00eatre marqu\u00e9es d&rsquo;un signe de perforation en une seule op\u00e9ration. La profondeur d&rsquo;insertion est de 85 mm. Il est ainsi possible [&hellip;]<\/p>\n","protected":false},"featured_media":60962,"template":"","meta":[],"product_brand":[],"product_cat":[2904,2890],"product_tag":[],"class_list":{"0":"post-89594","1":"product","2":"type-product","3":"status-publish","4":"has-post-thumbnail","6":"product_cat-poinconnage","7":"product_cat-reliure-dassortiment","8":"pa_hersteller-pernuma","9":"pa_typ-perfoset-e-xl","11":"first","12":"instock","13":"taxable","14":"shipping-taxable","15":"product-type-simple"},"jetpack_sharing_enabled":true,"_links":{"self":[{"href":"https:\/\/www.3p-gmbh.de\/fr\/wp-json\/wp\/v2\/product\/89594","targetHints":{"allow":["GET"]}}],"collection":[{"href":"https:\/\/www.3p-gmbh.de\/fr\/wp-json\/wp\/v2\/product"}],"about":[{"href":"https:\/\/www.3p-gmbh.de\/fr\/wp-json\/wp\/v2\/types\/product"}],"wp:featuredmedia":[{"embeddable":true,"href":"https:\/\/www.3p-gmbh.de\/fr\/wp-json\/wp\/v2\/media\/60962"}],"wp:attachment":[{"href":"https:\/\/www.3p-gmbh.de\/fr\/wp-json\/wp\/v2\/media?parent=89594"}],"wp:term":[{"taxonomy":"product_brand","embeddable":true,"href":"https:\/\/www.3p-gmbh.de\/fr\/wp-json\/wp\/v2\/product_brand?post=89594"},{"taxonomy":"product_cat","embeddable":true,"href":"https:\/\/www.3p-gmbh.de\/fr\/wp-json\/wp\/v2\/product_cat?post=89594"},{"taxonomy":"product_tag","embeddable":true,"href":"https:\/\/www.3p-gmbh.de\/fr\/wp-json\/wp\/v2\/product_tag?post=89594"}],"curies":[{"name":"wp","href":"https:\/\/api.w.org\/{rel}","templated":true}]}}