{"id":89590,"date":"2022-01-28T15:11:14","date_gmt":"2022-01-28T15:11:14","guid":{"rendered":"https:\/\/www.3p-gmbh.de\/produkt\/transnorm-convoyeur-courbe-convoyeur-courbe-a-bande-180\/"},"modified":"2022-01-28T15:11:14","modified_gmt":"2022-01-28T15:11:14","slug":"transnorm-curve-band-curve-beltfoererer-180","status":"publish","type":"product","link":"https:\/\/www.3p-gmbh.de\/fr\/produkt\/transnorm-curve-band-curve-beltfoererer-180\/","title":{"rendered":"Transnorm Convoyeur courbe &#8211; Convoyeur courbe \u00e0 bande 180"},"content":{"rendered":"<p><strong>Transnorm Convoyeur courbe &#8211; Convoyeur courbe \u00e0 bande 180<\/strong><br \/>\n<strong>Bj. 2008<\/strong><\/p>\n<p>Angle de 180<br \/>\nDiff\u00e9rence de hauteur de refoulement de 400mm ( gr\u00e2ce aux pieds r\u00e9glables)<br \/>\nlargeur de bande 600 mm<br \/>\nRayon nominal 600mm<br \/>\nLargeur ext\u00e9rieure de la courbe (distance de bord \u00e0 bord) 187cm<\/p>\n","protected":false},"excerpt":{"rendered":"<p>Transnorm Convoyeur courbe &#8211; Convoyeur courbe \u00e0 bande 180 Bj. 2008 Angle de 180 Diff\u00e9rence de hauteur de refoulement de 400mm ( gr\u00e2ce aux pieds r\u00e9glables) largeur de bande 600 mm Rayon nominal 600mm Largeur ext\u00e9rieure de la courbe (distance de bord \u00e0 bord) 187cm<\/p>\n","protected":false},"featured_media":60973,"template":"","meta":[],"product_brand":[],"product_cat":[3040],"product_tag":[],"class_list":{"0":"post-89590","1":"product","2":"type-product","3":"status-publish","4":"has-post-thumbnail","6":"product_cat-technique-de-convoyage","7":"pa_hersteller-transnorm","9":"first","10":"instock","11":"taxable","12":"shipping-taxable","13":"product-type-simple"},"jetpack_sharing_enabled":true,"_links":{"self":[{"href":"https:\/\/www.3p-gmbh.de\/fr\/wp-json\/wp\/v2\/product\/89590","targetHints":{"allow":["GET"]}}],"collection":[{"href":"https:\/\/www.3p-gmbh.de\/fr\/wp-json\/wp\/v2\/product"}],"about":[{"href":"https:\/\/www.3p-gmbh.de\/fr\/wp-json\/wp\/v2\/types\/product"}],"wp:featuredmedia":[{"embeddable":true,"href":"https:\/\/www.3p-gmbh.de\/fr\/wp-json\/wp\/v2\/media\/60973"}],"wp:attachment":[{"href":"https:\/\/www.3p-gmbh.de\/fr\/wp-json\/wp\/v2\/media?parent=89590"}],"wp:term":[{"taxonomy":"product_brand","embeddable":true,"href":"https:\/\/www.3p-gmbh.de\/fr\/wp-json\/wp\/v2\/product_brand?post=89590"},{"taxonomy":"product_cat","embeddable":true,"href":"https:\/\/www.3p-gmbh.de\/fr\/wp-json\/wp\/v2\/product_cat?post=89590"},{"taxonomy":"product_tag","embeddable":true,"href":"https:\/\/www.3p-gmbh.de\/fr\/wp-json\/wp\/v2\/product_tag?post=89590"}],"curies":[{"name":"wp","href":"https:\/\/api.w.org\/{rel}","templated":true}]}}