{"id":89588,"date":"2022-01-28T15:08:12","date_gmt":"2022-01-28T15:08:12","guid":{"rendered":"https:\/\/www.3p-gmbh.de\/produkt\/sortie-de-presse-a-ecailles-heidelberg-stahlfolder-sph-70\/"},"modified":"2022-01-28T15:08:12","modified_gmt":"2022-01-28T15:08:12","slug":"exposition-de-presse-a-ecailles-heidelberg-stahlfolder-sph-70","status":"publish","type":"product","link":"https:\/\/www.3p-gmbh.de\/fr\/produkt\/exposition-de-presse-a-ecailles-heidelberg-stahlfolder-sph-70\/","title":{"rendered":"Sortie de presse \u00e0 \u00e9cailles Heidelberg Stahlfolder SPH-70"},"content":{"rendered":"<p><strong>Sortie de presse \u00e0 \u00e9cailles Heidelberg Stahlfolder SPH-70 <\/strong><strong><br \/>\nAnn\u00e9e de construction 2013<\/strong><br \/>\nSortie de presse r\u00e9glable en hauteur et mobile, m\u00e9nageant le mat\u00e9riel<br \/>\navec r\u00e9glage de la vitesse en continu, dispositif de marquage int\u00e9gr\u00e9, surveillance des feuilles<br \/>\net commande d&rsquo;avance<br \/>\nCommande MCT<\/p>\n","protected":false},"excerpt":{"rendered":"<p>Sortie de presse \u00e0 \u00e9cailles Heidelberg Stahlfolder SPH-70 Ann\u00e9e de construction 2013 Sortie de presse r\u00e9glable en hauteur et mobile, m\u00e9nageant le mat\u00e9riel avec r\u00e9glage de la vitesse en continu, dispositif de marquage int\u00e9gr\u00e9, surveillance des feuilles et commande d&rsquo;avance Commande MCT<\/p>\n","protected":false},"featured_media":60969,"template":"","meta":[],"product_brand":[],"product_cat":[2916],"product_tag":[],"class_list":{"0":"post-89588","1":"product","2":"type-product","3":"status-publish","4":"has-post-thumbnail","6":"product_cat-depenses","7":"pa_hersteller-heidelberg-stahlfolder","8":"pa_typ-stahlfolder-sph-70","10":"first","11":"instock","12":"taxable","13":"shipping-taxable","14":"product-type-simple"},"jetpack_sharing_enabled":true,"_links":{"self":[{"href":"https:\/\/www.3p-gmbh.de\/fr\/wp-json\/wp\/v2\/product\/89588","targetHints":{"allow":["GET"]}}],"collection":[{"href":"https:\/\/www.3p-gmbh.de\/fr\/wp-json\/wp\/v2\/product"}],"about":[{"href":"https:\/\/www.3p-gmbh.de\/fr\/wp-json\/wp\/v2\/types\/product"}],"wp:featuredmedia":[{"embeddable":true,"href":"https:\/\/www.3p-gmbh.de\/fr\/wp-json\/wp\/v2\/media\/60969"}],"wp:attachment":[{"href":"https:\/\/www.3p-gmbh.de\/fr\/wp-json\/wp\/v2\/media?parent=89588"}],"wp:term":[{"taxonomy":"product_brand","embeddable":true,"href":"https:\/\/www.3p-gmbh.de\/fr\/wp-json\/wp\/v2\/product_brand?post=89588"},{"taxonomy":"product_cat","embeddable":true,"href":"https:\/\/www.3p-gmbh.de\/fr\/wp-json\/wp\/v2\/product_cat?post=89588"},{"taxonomy":"product_tag","embeddable":true,"href":"https:\/\/www.3p-gmbh.de\/fr\/wp-json\/wp\/v2\/product_tag?post=89588"}],"curies":[{"name":"wp","href":"https:\/\/api.w.org\/{rel}","templated":true}]}}