{"id":89576,"date":"2022-01-28T15:14:14","date_gmt":"2022-01-28T15:14:14","guid":{"rendered":"https:\/\/www.3p-gmbh.de\/produkt\/agrafeuse-3-tetes-de-table-multi-tetes-pour-blocs-et-brochures-pour-agrafage-normal-hohner-exact\/"},"modified":"2022-01-28T15:14:14","modified_gmt":"2022-01-28T15:14:14","slug":"3-tetes-table-multi-tetes-bloc-et-brochures-agrafeuse-fils-pour-agrafage-normal-hohner-exact","status":"publish","type":"product","link":"https:\/\/www.3p-gmbh.de\/fr\/produkt\/3-tetes-table-multi-tetes-bloc-et-brochures-agrafeuse-fils-pour-agrafage-normal-hohner-exact\/","title":{"rendered":"Agrafeuse 3 t\u00eates de table multi-t\u00eates pour blocs et brochures pour agrafage normal HOHNER EXACT"},"content":{"rendered":"<p><strong>Agrafeuse de table multi-t\u00eates pour blocs et brochures HOHNER EXACT pour agrafage normal<br \/>\n<\/strong><strong>Ann\u00e9e de construction 1991 &#8211; atelier enti\u00e8rement r\u00e9vis\u00e9<\/strong><\/p>\n<p>Installation de jusqu&rsquo;\u00e0 quatre t\u00eates d&rsquo;agrafage \u00e9troites HOHNER UNIVERSAL 52\/8 pour<br \/>\nAgrafage normal, agrafage \u00e0 \u0153illets ou application mixte.<br \/>\nConvient tout aussi bien comme machine autonome que comme groupe int\u00e9gr\u00e9.<\/p>\n<p>-Epaisseur d&rsquo;agrafage maximale de 8 mm en agrafage normal<br \/>\n-Table d&rsquo;agrafage facilement r\u00e9versible : droite pour les blocs, inclin\u00e9e pour les brochures.<br \/>\n-L&rsquo;\u00e9paisseur de l&rsquo;agrafe et la longueur du fil sont r\u00e9gl\u00e9es simultan\u00e9ment et de mani\u00e8re centrale pour toutes les t\u00eates.<br \/>\nest r\u00e9gl\u00e9 par un seul levier.<br \/>\n-Une but\u00e9e arri\u00e8re et deux but\u00e9es lat\u00e9rales, toutes r\u00e9glables, assurent la s\u00e9curit\u00e9 des enfants.<br \/>\npour que les parenth\u00e8ses soient toujours positionn\u00e9es \u00e0 l&rsquo;endroit souhait\u00e9.<br \/>\n-Les t\u00eates d&rsquo;agrafage peuvent \u00eatre retir\u00e9es ou install\u00e9es tr\u00e8s rapidement, sur le c\u00f4t\u00e9 ou sur le dessus.<br \/>\nou tout simplement \u00eatre d\u00e9sactiv\u00e9 temporairement.<\/p>\n<p>-Capacit\u00e9 d&rsquo;agrafage maximale : par t\u00eate 206 agrafes \/ minute.<\/p>\n<p>-d\u00e9clenchement au pied<br \/>\n-Dimensions de la table : 550 x 280 mm<br \/>\n-Profondeur d&rsquo;insertion \u00e0 partir du bo\u00eetier de sonnette 165 mm<br \/>\n-distance entre les agrafes max. 330mm<br \/>\n-distance entre les agrafes min. 52-62 mm<\/p>\n","protected":false},"excerpt":{"rendered":"<p>Agrafeuse de table multi-t\u00eates pour blocs et brochures HOHNER EXACT pour agrafage normal Ann\u00e9e de construction 1991 &#8211; atelier enti\u00e8rement r\u00e9vis\u00e9 Installation de jusqu&rsquo;\u00e0 quatre t\u00eates d&rsquo;agrafage \u00e9troites HOHNER UNIVERSAL 52\/8 pour Agrafage normal, agrafage \u00e0 \u0153illets ou application mixte. Convient tout aussi bien comme machine autonome que comme groupe int\u00e9gr\u00e9. -Epaisseur d&rsquo;agrafage maximale de [&hellip;]<\/p>\n","protected":false},"featured_media":60975,"template":"","meta":[],"product_brand":[],"product_cat":[2994],"product_tag":[],"class_list":{"0":"post-89576","1":"product","2":"type-product","3":"status-publish","4":"has-post-thumbnail","6":"product_cat-agrafeuses","7":"pa_hersteller-hohner","8":"pa_typ-exact","10":"first","11":"instock","12":"taxable","13":"shipping-taxable","14":"product-type-simple"},"jetpack_sharing_enabled":true,"_links":{"self":[{"href":"https:\/\/www.3p-gmbh.de\/fr\/wp-json\/wp\/v2\/product\/89576","targetHints":{"allow":["GET"]}}],"collection":[{"href":"https:\/\/www.3p-gmbh.de\/fr\/wp-json\/wp\/v2\/product"}],"about":[{"href":"https:\/\/www.3p-gmbh.de\/fr\/wp-json\/wp\/v2\/types\/product"}],"wp:featuredmedia":[{"embeddable":true,"href":"https:\/\/www.3p-gmbh.de\/fr\/wp-json\/wp\/v2\/media\/60975"}],"wp:attachment":[{"href":"https:\/\/www.3p-gmbh.de\/fr\/wp-json\/wp\/v2\/media?parent=89576"}],"wp:term":[{"taxonomy":"product_brand","embeddable":true,"href":"https:\/\/www.3p-gmbh.de\/fr\/wp-json\/wp\/v2\/product_brand?post=89576"},{"taxonomy":"product_cat","embeddable":true,"href":"https:\/\/www.3p-gmbh.de\/fr\/wp-json\/wp\/v2\/product_cat?post=89576"},{"taxonomy":"product_tag","embeddable":true,"href":"https:\/\/www.3p-gmbh.de\/fr\/wp-json\/wp\/v2\/product_tag?post=89576"}],"curies":[{"name":"wp","href":"https:\/\/api.w.org\/{rel}","templated":true}]}}