{"id":89564,"date":"2022-01-28T15:35:37","date_gmt":"2022-01-28T15:35:37","guid":{"rendered":"https:\/\/www.3p-gmbh.de\/produkt\/banderoleuse-mobile-band-all-modele-ba-40-30\/"},"modified":"2022-01-28T15:35:37","modified_gmt":"2022-01-28T15:35:37","slug":"banderoleuse-mobile-tout-modele-ba-40-30","status":"publish","type":"product","link":"https:\/\/www.3p-gmbh.de\/fr\/produkt\/banderoleuse-mobile-tout-modele-ba-40-30\/","title":{"rendered":"Banderoleuse mobile Band All Mod\u00e8le BA 40-30"},"content":{"rendered":"<p><strong>Banderoleuse mobile Band All Mod\u00e8le BA 40-30<\/strong><\/p>\n<p>pour film plastique (m\u00eame extr\u00eamement fin) et ruban de papier<br \/>\nlargeur de bande : 30 mm<br \/>\nPaquets : L 40 x H 250 mm<br \/>\nPossibilit\u00e9 de m\u00e9moriser divers programmes<br \/>\nR\u00e9glage de la tension de la bande<br \/>\nR\u00e9glage du temps de soudage<br \/>\nR\u00e9glage de la longueur d&rsquo;ex\u00e9cution<br \/>\nDivers autres r\u00e9glages<br \/>\nRaccord pneumatique (air comprim\u00e9 \u00e0 fournir par le client)<br \/>\nRaccordement : 230 V<\/p>\n","protected":false},"excerpt":{"rendered":"<p>Banderoleuse mobile Band All Mod\u00e8le BA 40-30 pour film plastique (m\u00eame extr\u00eamement fin) et ruban de papier largeur de bande : 30 mm Paquets : L 40 x H 250 mm Possibilit\u00e9 de m\u00e9moriser divers programmes R\u00e9glage de la tension de la bande R\u00e9glage du temps de soudage R\u00e9glage de la longueur d&rsquo;ex\u00e9cution Divers autres [&hellip;]<\/p>\n","protected":false},"featured_media":60993,"template":"","meta":[],"product_brand":[],"product_cat":[2855],"product_tag":[],"class_list":{"0":"post-89564","1":"product","2":"type-product","3":"status-publish","4":"has-post-thumbnail","6":"product_cat-banderoleuses","7":"pa_hersteller-band-all","8":"pa_typ-ba-40-30","10":"first","11":"instock","12":"taxable","13":"shipping-taxable","14":"product-type-simple"},"jetpack_sharing_enabled":true,"_links":{"self":[{"href":"https:\/\/www.3p-gmbh.de\/fr\/wp-json\/wp\/v2\/product\/89564","targetHints":{"allow":["GET"]}}],"collection":[{"href":"https:\/\/www.3p-gmbh.de\/fr\/wp-json\/wp\/v2\/product"}],"about":[{"href":"https:\/\/www.3p-gmbh.de\/fr\/wp-json\/wp\/v2\/types\/product"}],"wp:featuredmedia":[{"embeddable":true,"href":"https:\/\/www.3p-gmbh.de\/fr\/wp-json\/wp\/v2\/media\/60993"}],"wp:attachment":[{"href":"https:\/\/www.3p-gmbh.de\/fr\/wp-json\/wp\/v2\/media?parent=89564"}],"wp:term":[{"taxonomy":"product_brand","embeddable":true,"href":"https:\/\/www.3p-gmbh.de\/fr\/wp-json\/wp\/v2\/product_brand?post=89564"},{"taxonomy":"product_cat","embeddable":true,"href":"https:\/\/www.3p-gmbh.de\/fr\/wp-json\/wp\/v2\/product_cat?post=89564"},{"taxonomy":"product_tag","embeddable":true,"href":"https:\/\/www.3p-gmbh.de\/fr\/wp-json\/wp\/v2\/product_tag?post=89564"}],"curies":[{"name":"wp","href":"https:\/\/api.w.org\/{rel}","templated":true}]}}