{"id":89558,"date":"2022-06-15T18:47:42","date_gmt":"2022-06-15T18:47:42","guid":{"rendered":"https:\/\/www.3p-gmbh.de\/produkt\/machine-a-souder-semi-automatique-machine-a-retracter-les-housses-torre-minipack-fc-76-a\/"},"modified":"2022-06-15T18:47:42","modified_gmt":"2022-06-15T18:47:42","slug":"thermoscelleuse-semi-automatique-couvreuse-retractable-torre-minipack-fc-76-a","status":"publish","type":"product","link":"https:\/\/www.3p-gmbh.de\/fr\/produkt\/thermoscelleuse-semi-automatique-couvreuse-retractable-torre-minipack-fc-76-a\/","title":{"rendered":"Machine \u00e0 souder semi-automatique &#8211; Machine \u00e0 r\u00e9tracter les housses Torre Minipack FC 76 A"},"content":{"rendered":"<p><strong>Machine \u00e0 souder semi-automatique &#8211; Machine \u00e0 r\u00e9tracter les housses Torre Minipack FC 76 A<\/strong><br \/>\n<strong>de l&rsquo;ann\u00e9e 2015<\/strong><\/p>\n<p>Appareil compact de soudage et de r\u00e9traction pour une tr\u00e8s bonne performance d&#8217;emballage, est rapidement pr\u00eat \u00e0 travailler et facile \u00e0 utiliser.<br \/>\nConvient surtout pour les petites et moyennes quantit\u00e9s jusqu&rsquo;\u00e0 300 pi\u00e8ces par heure d&#8217;emballages sous film.<\/p>\n<p><em><strong>CARACT\u00c9RISTIQUES TECHNIQUES :<\/strong><\/em><\/p>\n<ul>\n<li>Cycle de travail en \u00ab\u00a0automatique\u00a0\u00bb (en appuyant sur le bouton de d\u00e9marrage, les cycles sont ex\u00e9cut\u00e9s en s\u00e9quence avec des pauses programm\u00e9es)<\/li>\n<li>et \u00e9galement possible en \u00ab\u00a0manuel\u00a0\u00bb (en appuyant sur le bouton de d\u00e9marrage, un seul cycle d&#8217;emballage est effectu\u00e9)<\/li>\n<li>Cloche motoris\u00e9e et tapis d&rsquo;\u00e9jection du produit<\/li>\n<li>Interface frontale avec les \u00e9l\u00e9ments de commande : programmation intuitive<\/li>\n<li>Refroidissement de la barre de soudure : productivit\u00e9 accrue et soudure am\u00e9lior\u00e9e<\/li>\n<li>Fixation innovante de la cloche sup\u00e9rieure<\/li>\n<li>Contr\u00f4le de s\u00e9curit\u00e9 des lames de scellage : une plus grande s\u00e9curit\u00e9 pour la machine<\/li>\n<li>Support de bobine pour un plus grand diam\u00e8tre de bobine (250mm)<\/li>\n<li>plaque d&#8217;emballage ind\u00e9pendante du porte-bobine : convient \u00e9galement pour l&#8217;emballage de tr\u00e8s petits produits avec la m\u00eame bobine de film<\/li>\n<li>Microperforation : perforation ininterrompue et pr\u00e9cise<\/li>\n<li>Affichage : avec 2 chiffres pour les programmes et les r\u00e9glages et 4 chiffres pour le compteur de pi\u00e8ces<\/li>\n<li>Panneau de commande num\u00e9rique et convivial avec 6 programmes m\u00e9morisables<\/li>\n<li>Compteur de pi\u00e8ces inclus : \u00e9quipement plus complet<\/li>\n<li>acc\u00e8s aux cartes avec rabat sur le devant<\/li>\n<li>Plaque grillag\u00e9e prolong\u00e9e : protection des palettes Ouverture de stockage<\/li>\n<li>Moteur de ventilateur performant : meilleure performance de r\u00e9traction<\/li>\n<li>Thermostat de s\u00e9curit\u00e9 suppl\u00e9mentaire directement sur la r\u00e9sistance de l&rsquo;accumulateur de chaleur : s\u00e9curit\u00e9 accrue de la machine<\/li>\n<li>Profil\u00e9 de maintien de la gaine en n\u00e9opr\u00e8ne sans collage<\/li>\n<li>Syst\u00e8me de s\u00e9curit\u00e9 de la cloche : plus de s\u00e9curit\u00e9 pour l&rsquo;op\u00e9rateur<\/li>\n<\/ul>\n","protected":false},"excerpt":{"rendered":"<p>Machine \u00e0 souder semi-automatique &#8211; Machine \u00e0 r\u00e9tracter les housses Torre Minipack FC 76 A de l&rsquo;ann\u00e9e 2015 Appareil compact de soudage et de r\u00e9traction pour une tr\u00e8s bonne performance d&#8217;emballage, est rapidement pr\u00eat \u00e0 travailler et facile \u00e0 utiliser. Convient surtout pour les petites et moyennes quantit\u00e9s jusqu&rsquo;\u00e0 300 pi\u00e8ces par heure d&#8217;emballages sous [&hellip;]<\/p>\n","protected":false},"featured_media":61203,"template":"","meta":[],"product_brand":[],"product_cat":[3024],"product_tag":[],"class_list":{"0":"post-89558","1":"product","2":"type-product","3":"status-publish","4":"has-post-thumbnail","6":"product_cat-emballage-sous-film-et-tenseur","7":"pa_hersteller-torre-minipack","8":"pa_typ-fc-76-a","10":"first","11":"instock","12":"taxable","13":"shipping-taxable","14":"product-type-simple"},"jetpack_sharing_enabled":true,"_links":{"self":[{"href":"https:\/\/www.3p-gmbh.de\/fr\/wp-json\/wp\/v2\/product\/89558","targetHints":{"allow":["GET"]}}],"collection":[{"href":"https:\/\/www.3p-gmbh.de\/fr\/wp-json\/wp\/v2\/product"}],"about":[{"href":"https:\/\/www.3p-gmbh.de\/fr\/wp-json\/wp\/v2\/types\/product"}],"wp:featuredmedia":[{"embeddable":true,"href":"https:\/\/www.3p-gmbh.de\/fr\/wp-json\/wp\/v2\/media\/61203"}],"wp:attachment":[{"href":"https:\/\/www.3p-gmbh.de\/fr\/wp-json\/wp\/v2\/media?parent=89558"}],"wp:term":[{"taxonomy":"product_brand","embeddable":true,"href":"https:\/\/www.3p-gmbh.de\/fr\/wp-json\/wp\/v2\/product_brand?post=89558"},{"taxonomy":"product_cat","embeddable":true,"href":"https:\/\/www.3p-gmbh.de\/fr\/wp-json\/wp\/v2\/product_cat?post=89558"},{"taxonomy":"product_tag","embeddable":true,"href":"https:\/\/www.3p-gmbh.de\/fr\/wp-json\/wp\/v2\/product_tag?post=89558"}],"curies":[{"name":"wp","href":"https:\/\/api.w.org\/{rel}","templated":true}]}}