{"id":89550,"date":"2022-01-28T15:46:34","date_gmt":"2022-01-28T15:46:34","guid":{"rendered":"https:\/\/www.3p-gmbh.de\/produkt\/poseuse-de-croix-rima-rs-1212-s-avec-tapis-devacuation-et-table-a-rouleaux\/"},"modified":"2022-01-28T15:46:34","modified_gmt":"2022-01-28T15:46:34","slug":"poseur-de-croix-rima-rs-1212-s-avec-bande-extractible-et-table-a-rouleaux","status":"publish","type":"product","link":"https:\/\/www.3p-gmbh.de\/fr\/produkt\/poseur-de-croix-rima-rs-1212-s-avec-bande-extractible-et-table-a-rouleaux\/","title":{"rendered":"Poseuse de croix Rima RS 1212 S avec tapis d&rsquo;\u00e9vacuation et table \u00e0 rouleaux"},"content":{"rendered":"<p><strong>Poseuse de croix Rima RS 1212 S avec tapis de sortie \u00e0 commande par fr\u00e9quence et table \u00e0 rouleaux<\/strong><br \/>\n<strong>de 3-2004<\/strong><\/p>\n<p>de Heidelberg FE secteur seulement quelques heures de fonctionnement<\/p>\n","protected":false},"excerpt":{"rendered":"<p>Poseuse de croix Rima RS 1212 S avec tapis de sortie \u00e0 commande par fr\u00e9quence et table \u00e0 rouleaux de 3-2004 de Heidelberg FE secteur seulement quelques heures de fonctionnement<\/p>\n","protected":false},"featured_media":61002,"template":"","meta":[],"product_brand":[],"product_cat":[3063],"product_tag":[],"class_list":{"0":"post-89550","1":"product","2":"type-product","3":"status-publish","4":"has-post-thumbnail","6":"product_cat-poseur-de-croix","7":"pa_hersteller-rima","8":"pa_typ-rs-1212-s","10":"first","11":"instock","12":"taxable","13":"shipping-taxable","14":"product-type-simple"},"jetpack_sharing_enabled":true,"_links":{"self":[{"href":"https:\/\/www.3p-gmbh.de\/fr\/wp-json\/wp\/v2\/product\/89550","targetHints":{"allow":["GET"]}}],"collection":[{"href":"https:\/\/www.3p-gmbh.de\/fr\/wp-json\/wp\/v2\/product"}],"about":[{"href":"https:\/\/www.3p-gmbh.de\/fr\/wp-json\/wp\/v2\/types\/product"}],"wp:featuredmedia":[{"embeddable":true,"href":"https:\/\/www.3p-gmbh.de\/fr\/wp-json\/wp\/v2\/media\/61002"}],"wp:attachment":[{"href":"https:\/\/www.3p-gmbh.de\/fr\/wp-json\/wp\/v2\/media?parent=89550"}],"wp:term":[{"taxonomy":"product_brand","embeddable":true,"href":"https:\/\/www.3p-gmbh.de\/fr\/wp-json\/wp\/v2\/product_brand?post=89550"},{"taxonomy":"product_cat","embeddable":true,"href":"https:\/\/www.3p-gmbh.de\/fr\/wp-json\/wp\/v2\/product_cat?post=89550"},{"taxonomy":"product_tag","embeddable":true,"href":"https:\/\/www.3p-gmbh.de\/fr\/wp-json\/wp\/v2\/product_tag?post=89550"}],"curies":[{"name":"wp","href":"https:\/\/api.w.org\/{rel}","templated":true}]}}