{"id":89546,"date":"2022-06-15T18:55:26","date_gmt":"2022-06-15T18:55:26","guid":{"rendered":"https:\/\/www.3p-gmbh.de\/produkt\/machine-speciale-encolleuse-a-deux-cylindres-sumbel-herold-1200-avec-transport-de-bande\/"},"modified":"2022-06-15T18:55:26","modified_gmt":"2022-06-15T18:55:26","slug":"machine-speciale-appliqueuse-deux-cylindres-sumbel-herold-1200-avec-transport-de-bande","status":"publish","type":"product","link":"https:\/\/www.3p-gmbh.de\/fr\/produkt\/machine-speciale-appliqueuse-deux-cylindres-sumbel-herold-1200-avec-transport-de-bande\/","title":{"rendered":"Machine sp\u00e9ciale Encolleuse \u00e0 deux cylindres Sumbel Herold 1200 avec transport de bande"},"content":{"rendered":"<p><strong>Machine sp\u00e9ciale Encolleuse \u00e0 deux cylindres Sumbel Herold 1200 avec transport de bande<\/strong><\/p>\n<p>largeur de travail 1200mm<br \/>\n8 bassins de colle froide<br \/>\n8 disques de colle d&rsquo;environ 6mm d&rsquo;\u00e9paisseur<br \/>\nConvoyeur \u00e0 bande pour le transport des mat\u00e9riaux sur la table de travail manuel<\/p>\n","protected":false},"excerpt":{"rendered":"<p>Machine sp\u00e9ciale Encolleuse \u00e0 deux cylindres Sumbel Herold 1200 avec transport de bande largeur de travail 1200mm 8 bassins de colle froide 8 disques de colle d&rsquo;environ 6mm d&rsquo;\u00e9paisseur Convoyeur \u00e0 bande pour le transport des mat\u00e9riaux sur la table de travail manuel<\/p>\n","protected":false},"featured_media":61214,"template":"","meta":[],"product_brand":[],"product_cat":[2890],"product_tag":[],"class_list":{"0":"post-89546","1":"product","2":"type-product","3":"status-publish","4":"has-post-thumbnail","6":"product_cat-reliure-dassortiment","7":"pa_hersteller-sumbel-herold","8":"pa_typ-1898","10":"first","11":"instock","12":"taxable","13":"shipping-taxable","14":"product-type-simple"},"jetpack_sharing_enabled":true,"_links":{"self":[{"href":"https:\/\/www.3p-gmbh.de\/fr\/wp-json\/wp\/v2\/product\/89546","targetHints":{"allow":["GET"]}}],"collection":[{"href":"https:\/\/www.3p-gmbh.de\/fr\/wp-json\/wp\/v2\/product"}],"about":[{"href":"https:\/\/www.3p-gmbh.de\/fr\/wp-json\/wp\/v2\/types\/product"}],"wp:featuredmedia":[{"embeddable":true,"href":"https:\/\/www.3p-gmbh.de\/fr\/wp-json\/wp\/v2\/media\/61214"}],"wp:attachment":[{"href":"https:\/\/www.3p-gmbh.de\/fr\/wp-json\/wp\/v2\/media?parent=89546"}],"wp:term":[{"taxonomy":"product_brand","embeddable":true,"href":"https:\/\/www.3p-gmbh.de\/fr\/wp-json\/wp\/v2\/product_brand?post=89546"},{"taxonomy":"product_cat","embeddable":true,"href":"https:\/\/www.3p-gmbh.de\/fr\/wp-json\/wp\/v2\/product_cat?post=89546"},{"taxonomy":"product_tag","embeddable":true,"href":"https:\/\/www.3p-gmbh.de\/fr\/wp-json\/wp\/v2\/product_tag?post=89546"}],"curies":[{"name":"wp","href":"https:\/\/api.w.org\/{rel}","templated":true}]}}