{"id":89545,"date":"2022-06-21T19:43:41","date_gmt":"2022-06-21T19:43:41","guid":{"rendered":"https:\/\/www.3p-gmbh.de\/produkt\/mettler-toledo-dufk-600-balance-pour-feuilles-avec-balance-de-reference\/"},"modified":"2022-06-21T19:43:41","modified_gmt":"2022-06-21T19:43:41","slug":"mettler-toledo-dufk-600-bascule-a-arc-reference","status":"publish","type":"product","link":"https:\/\/www.3p-gmbh.de\/fr\/produkt\/mettler-toledo-dufk-600-bascule-a-arc-reference\/","title":{"rendered":"Mettler Toledo DUFK 600 Balance pour feuilles avec balance de r\u00e9f\u00e9rence"},"content":{"rendered":"<p><strong>Mettler Toledo DUFK 600 Balance pour feuilles avec balance de r\u00e9f\u00e9rence<\/strong><br \/>\n<strong>Balance de comptage pour taille de plate-forme adapt\u00e9e aux vibrateurs Polar Mohr RA-2 ou Polar RA-4 ou d&rsquo;autres marques<\/strong><br \/>\nde l&rsquo;ann\u00e9e 2017<\/p>\n<p>pour la cr\u00e9ation de couches de d\u00e9coupe \u00e0 quantit\u00e9 pr\u00e9cise<\/p>\n","protected":false},"excerpt":{"rendered":"<p>Mettler Toledo DUFK 600 Balance pour feuilles avec balance de r\u00e9f\u00e9rence Balance de comptage pour taille de plate-forme adapt\u00e9e aux vibrateurs Polar Mohr RA-2 ou Polar RA-4 ou d&rsquo;autres marques de l&rsquo;ann\u00e9e 2017 pour la cr\u00e9ation de couches de d\u00e9coupe \u00e0 quantit\u00e9 pr\u00e9cise<\/p>\n","protected":false},"featured_media":94502,"template":"","meta":[],"product_brand":[],"product_cat":[2848,3016],"product_tag":[],"class_list":{"0":"post-89545","1":"product","2":"type-product","3":"status-publish","4":"has-post-thumbnail","6":"product_cat-accessoires","7":"product_cat-machines-de-decoupe","8":"pa_hersteller-mettler-toledo","9":"pa_typ-dufk-600","11":"first","12":"instock","13":"taxable","14":"shipping-taxable","15":"product-type-simple"},"jetpack_sharing_enabled":true,"_links":{"self":[{"href":"https:\/\/www.3p-gmbh.de\/fr\/wp-json\/wp\/v2\/product\/89545","targetHints":{"allow":["GET"]}}],"collection":[{"href":"https:\/\/www.3p-gmbh.de\/fr\/wp-json\/wp\/v2\/product"}],"about":[{"href":"https:\/\/www.3p-gmbh.de\/fr\/wp-json\/wp\/v2\/types\/product"}],"wp:featuredmedia":[{"embeddable":true,"href":"https:\/\/www.3p-gmbh.de\/fr\/wp-json\/wp\/v2\/media\/94502"}],"wp:attachment":[{"href":"https:\/\/www.3p-gmbh.de\/fr\/wp-json\/wp\/v2\/media?parent=89545"}],"wp:term":[{"taxonomy":"product_brand","embeddable":true,"href":"https:\/\/www.3p-gmbh.de\/fr\/wp-json\/wp\/v2\/product_brand?post=89545"},{"taxonomy":"product_cat","embeddable":true,"href":"https:\/\/www.3p-gmbh.de\/fr\/wp-json\/wp\/v2\/product_cat?post=89545"},{"taxonomy":"product_tag","embeddable":true,"href":"https:\/\/www.3p-gmbh.de\/fr\/wp-json\/wp\/v2\/product_tag?post=89545"}],"curies":[{"name":"wp","href":"https:\/\/api.w.org\/{rel}","templated":true}]}}