{"id":89536,"date":"2022-06-21T19:47:39","date_gmt":"2022-06-21T19:47:39","guid":{"rendered":"https:\/\/www.3p-gmbh.de\/produkt\/machine-de-decoupe-polar-58-em\/"},"modified":"2022-06-21T19:47:39","modified_gmt":"2022-06-21T19:47:39","slug":"machine-a-decouper-polar-58-em","status":"publish","type":"product","link":"https:\/\/www.3p-gmbh.de\/fr\/produkt\/machine-a-decouper-polar-58-em\/","title":{"rendered":"Machine de d\u00e9coupe Polar 58 EM"},"content":{"rendered":"<p><strong>Machine de d\u00e9coupe POLAR 58 EM<\/strong><br \/>\n<strong>Bj. 1994<\/strong><\/p>\n<p>SN 6451092<br \/>\nEM Gestion du programme<br \/>\ntable de d\u00e9coupe chrom\u00e9e<br \/>\nCouverture de la table arri\u00e8re<br \/>\nBarri\u00e8res lumineuses<br \/>\n2 couteaux<\/p>\n","protected":false},"excerpt":{"rendered":"<p>Machine de d\u00e9coupe POLAR 58 EM Bj. 1994 SN 6451092 EM Gestion du programme table de d\u00e9coupe chrom\u00e9e Couverture de la table arri\u00e8re Barri\u00e8res lumineuses 2 couteaux<\/p>\n","protected":false},"featured_media":61236,"template":"","meta":[],"product_brand":[],"product_cat":[3016],"product_tag":[],"class_list":{"0":"post-89536","1":"product","2":"type-product","3":"status-publish","4":"has-post-thumbnail","6":"product_cat-machines-de-decoupe","7":"pa_hersteller-polar-mohr","8":"pa_typ-polar-58-em","10":"first","11":"instock","12":"taxable","13":"shipping-taxable","14":"product-type-simple"},"jetpack_sharing_enabled":true,"_links":{"self":[{"href":"https:\/\/www.3p-gmbh.de\/fr\/wp-json\/wp\/v2\/product\/89536","targetHints":{"allow":["GET"]}}],"collection":[{"href":"https:\/\/www.3p-gmbh.de\/fr\/wp-json\/wp\/v2\/product"}],"about":[{"href":"https:\/\/www.3p-gmbh.de\/fr\/wp-json\/wp\/v2\/types\/product"}],"wp:featuredmedia":[{"embeddable":true,"href":"https:\/\/www.3p-gmbh.de\/fr\/wp-json\/wp\/v2\/media\/61236"}],"wp:attachment":[{"href":"https:\/\/www.3p-gmbh.de\/fr\/wp-json\/wp\/v2\/media?parent=89536"}],"wp:term":[{"taxonomy":"product_brand","embeddable":true,"href":"https:\/\/www.3p-gmbh.de\/fr\/wp-json\/wp\/v2\/product_brand?post=89536"},{"taxonomy":"product_cat","embeddable":true,"href":"https:\/\/www.3p-gmbh.de\/fr\/wp-json\/wp\/v2\/product_cat?post=89536"},{"taxonomy":"product_tag","embeddable":true,"href":"https:\/\/www.3p-gmbh.de\/fr\/wp-json\/wp\/v2\/product_tag?post=89536"}],"curies":[{"name":"wp","href":"https:\/\/api.w.org\/{rel}","templated":true}]}}