{"id":89534,"date":"2022-07-10T21:08:14","date_gmt":"2022-07-10T21:08:14","guid":{"rendered":"https:\/\/www.3p-gmbh.de\/produkt\/werner-achilles-sondermaschinenbau-margeur-mobile-automatique-pour-papier-carton-petit-format-jusqua-50x60-cm\/"},"modified":"2022-07-10T21:08:14","modified_gmt":"2022-07-10T21:08:14","slug":"werner-achilles-sondermaschinenbau-automatique-chargeur-mobile-pour-papier-carton-petit-format-jusqua-50x60-cm","status":"publish","type":"product","link":"https:\/\/www.3p-gmbh.de\/fr\/produkt\/werner-achilles-sondermaschinenbau-automatique-chargeur-mobile-pour-papier-carton-petit-format-jusqua-50x60-cm\/","title":{"rendered":"Werner Achilles Sondermaschinenbau &#8211; Margeur mobile automatique pour papier \/ carton &#8211; Petit format jusqu&rsquo;\u00e0 50&#215;60 cm"},"content":{"rendered":"<p><strong>Construction de machines sp\u00e9ciales sur la base d&rsquo;un margeur KM 500<\/strong><br \/>\n<strong>margeur automatique mobile pour papier \/ carton &#8211; petit format<\/strong><br \/>\n<strong>Ann\u00e9e de construction 2017<\/strong><\/p>\n<p>Largeur de travail max. 50&#215;60 cm<br \/>\nlargeur de travail min 13&#215;32 cm<br \/>\nMargeur \u00e0 pile plate hauteur de pile env. 70cm<\/p>\n<p>Les cartons de l&rsquo;image ont une \u00e9paisseur de 2,2 mm.<br \/>\nAvec un maximum de format de 50x60cm devrait donc \u00eatre de 600g\/m\u00b2.<br \/>\nne pas \u00eatre un probl\u00e8me&#8230;.<\/p>\n<p>R\u00e9vision m\u00e9canique et \u00e9lectrique, commande construite en interne avec des composants Siemens<br \/>\nPompe \u00e0 vide neuve, cellules photo\u00e9lectriques neuves,<br \/>\nBandes transporteuses nouveau etc&#8230;.<\/p>\n<p>Pas de marquage CE !<\/p>\n","protected":false},"excerpt":{"rendered":"<p>Construction de machines sp\u00e9ciales sur la base d&rsquo;un margeur KM 500 margeur automatique mobile pour papier \/ carton &#8211; petit format Ann\u00e9e de construction 2017 Largeur de travail max. 50&#215;60 cm largeur de travail min 13&#215;32 cm Margeur \u00e0 pile plate hauteur de pile env. 70cm Les cartons de l&rsquo;image ont une \u00e9paisseur de 2,2 [&hellip;]<\/p>\n","protected":false},"featured_media":61272,"template":"","meta":[],"product_brand":[],"product_cat":[3029],"product_tag":[],"class_list":{"0":"post-89534","1":"product","2":"type-product","3":"status-publish","4":"has-post-thumbnail","6":"product_cat-investisseurs","7":"pa_hersteller-werner-achilles","9":"first","10":"instock","11":"taxable","12":"shipping-taxable","13":"product-type-simple"},"jetpack_sharing_enabled":true,"_links":{"self":[{"href":"https:\/\/www.3p-gmbh.de\/fr\/wp-json\/wp\/v2\/product\/89534","targetHints":{"allow":["GET"]}}],"collection":[{"href":"https:\/\/www.3p-gmbh.de\/fr\/wp-json\/wp\/v2\/product"}],"about":[{"href":"https:\/\/www.3p-gmbh.de\/fr\/wp-json\/wp\/v2\/types\/product"}],"wp:featuredmedia":[{"embeddable":true,"href":"https:\/\/www.3p-gmbh.de\/fr\/wp-json\/wp\/v2\/media\/61272"}],"wp:attachment":[{"href":"https:\/\/www.3p-gmbh.de\/fr\/wp-json\/wp\/v2\/media?parent=89534"}],"wp:term":[{"taxonomy":"product_brand","embeddable":true,"href":"https:\/\/www.3p-gmbh.de\/fr\/wp-json\/wp\/v2\/product_brand?post=89534"},{"taxonomy":"product_cat","embeddable":true,"href":"https:\/\/www.3p-gmbh.de\/fr\/wp-json\/wp\/v2\/product_cat?post=89534"},{"taxonomy":"product_tag","embeddable":true,"href":"https:\/\/www.3p-gmbh.de\/fr\/wp-json\/wp\/v2\/product_tag?post=89534"}],"curies":[{"name":"wp","href":"https:\/\/api.w.org\/{rel}","templated":true}]}}