{"id":89530,"date":"2022-07-10T21:14:08","date_gmt":"2022-07-10T21:14:08","guid":{"rendered":"https:\/\/www.3p-gmbh.de\/produkt\/table-a-bande-aspirante-microjet-pour-ladressage\/"},"modified":"2022-07-10T21:14:08","modified_gmt":"2022-07-10T21:14:08","slug":"table-aspirante-microjet-pour-ladressage","status":"publish","type":"product","link":"https:\/\/www.3p-gmbh.de\/fr\/produkt\/table-aspirante-microjet-pour-ladressage\/","title":{"rendered":"Table \u00e0 bande aspirante Microjet pour l&rsquo;adressage"},"content":{"rendered":"<p><strong>Table \u00e0 bandes aspirantes Microjet r\u00e9glable en hauteur et en fr\u00e9quence<br \/>\n<\/strong><br \/>\npour l&rsquo;adressage<br \/>\nLongueur env. 1600m<br \/>\nLargeur d&rsquo;entr\u00e9e environ 85.cm<\/p>\n","protected":false},"excerpt":{"rendered":"<p>Table \u00e0 bandes aspirantes Microjet r\u00e9glable en hauteur et en fr\u00e9quence pour l&rsquo;adressage Longueur env. 1600m Largeur d&rsquo;entr\u00e9e environ 85.cm<\/p>\n","protected":false},"featured_media":61280,"template":"","meta":[],"product_brand":[],"product_cat":[3061,3040],"product_tag":[],"class_list":{"0":"post-89530","1":"product","2":"type-product","3":"status-publish","4":"has-post-thumbnail","6":"product_cat-installations-de-publipostage","7":"product_cat-technique-de-convoyage","8":"pa_hersteller-microjet-systems","10":"first","11":"instock","12":"taxable","13":"shipping-taxable","14":"product-type-simple"},"jetpack_sharing_enabled":true,"_links":{"self":[{"href":"https:\/\/www.3p-gmbh.de\/fr\/wp-json\/wp\/v2\/product\/89530","targetHints":{"allow":["GET"]}}],"collection":[{"href":"https:\/\/www.3p-gmbh.de\/fr\/wp-json\/wp\/v2\/product"}],"about":[{"href":"https:\/\/www.3p-gmbh.de\/fr\/wp-json\/wp\/v2\/types\/product"}],"wp:featuredmedia":[{"embeddable":true,"href":"https:\/\/www.3p-gmbh.de\/fr\/wp-json\/wp\/v2\/media\/61280"}],"wp:attachment":[{"href":"https:\/\/www.3p-gmbh.de\/fr\/wp-json\/wp\/v2\/media?parent=89530"}],"wp:term":[{"taxonomy":"product_brand","embeddable":true,"href":"https:\/\/www.3p-gmbh.de\/fr\/wp-json\/wp\/v2\/product_brand?post=89530"},{"taxonomy":"product_cat","embeddable":true,"href":"https:\/\/www.3p-gmbh.de\/fr\/wp-json\/wp\/v2\/product_cat?post=89530"},{"taxonomy":"product_tag","embeddable":true,"href":"https:\/\/www.3p-gmbh.de\/fr\/wp-json\/wp\/v2\/product_tag?post=89530"}],"curies":[{"name":"wp","href":"https:\/\/api.w.org\/{rel}","templated":true}]}}