{"id":89506,"date":"2022-08-02T13:19:58","date_gmt":"2022-08-02T13:19:58","guid":{"rendered":"https:\/\/www.3p-gmbh.de\/produkt\/ligne-automatique-de-percage-de-papier-duerselen-corta-pb-09-f\/"},"modified":"2022-08-02T13:19:58","modified_gmt":"2022-08-02T13:19:58","slug":"ligne-automatique-de-percage-papier-duerselen-corta-pb-09-f","status":"publish","type":"product","link":"https:\/\/www.3p-gmbh.de\/fr\/produkt\/ligne-automatique-de-percage-papier-duerselen-corta-pb-09-f\/","title":{"rendered":"ligne automatique de per\u00e7age de papier D\u00fcrselen Corta PB 09 F"},"content":{"rendered":"<p><strong>ligne automatique de per\u00e7age de papier D\u00fcrselen Corta PB 09 F<\/strong><br \/>\n<strong>de 2005<\/strong><\/p>\n<p>avec bascule d&rsquo;installation \u00e0 plat et 4 t\u00eates de forage<\/p>\n<p><a href=\"https:\/\/www.3p-gmbh.de\/wp-content\/uploads\/2022\/08\/Prospekt_Duerselen_PB09Flach.pdf\">Prospectus_Duerselen_PB09+Flach<\/a><\/p>\n","protected":false},"excerpt":{"rendered":"<p>ligne automatique de per\u00e7age de papier D\u00fcrselen Corta PB 09 F de 2005 avec bascule d&rsquo;installation \u00e0 plat et 4 t\u00eates de forage Prospectus_Duerselen_PB09+Flach<\/p>\n","protected":false},"featured_media":61334,"template":"","meta":[],"product_brand":[],"product_cat":[2957],"product_tag":[],"class_list":{"0":"post-89506","1":"product","2":"type-product","3":"status-publish","4":"has-post-thumbnail","6":"product_cat-perceuses-a-papier","7":"pa_hersteller-duerselen-2","8":"pa_typ-corta-pb-09-f","10":"first","11":"instock","12":"taxable","13":"shipping-taxable","14":"product-type-simple"},"jetpack_sharing_enabled":true,"_links":{"self":[{"href":"https:\/\/www.3p-gmbh.de\/fr\/wp-json\/wp\/v2\/product\/89506","targetHints":{"allow":["GET"]}}],"collection":[{"href":"https:\/\/www.3p-gmbh.de\/fr\/wp-json\/wp\/v2\/product"}],"about":[{"href":"https:\/\/www.3p-gmbh.de\/fr\/wp-json\/wp\/v2\/types\/product"}],"wp:featuredmedia":[{"embeddable":true,"href":"https:\/\/www.3p-gmbh.de\/fr\/wp-json\/wp\/v2\/media\/61334"}],"wp:attachment":[{"href":"https:\/\/www.3p-gmbh.de\/fr\/wp-json\/wp\/v2\/media?parent=89506"}],"wp:term":[{"taxonomy":"product_brand","embeddable":true,"href":"https:\/\/www.3p-gmbh.de\/fr\/wp-json\/wp\/v2\/product_brand?post=89506"},{"taxonomy":"product_cat","embeddable":true,"href":"https:\/\/www.3p-gmbh.de\/fr\/wp-json\/wp\/v2\/product_cat?post=89506"},{"taxonomy":"product_tag","embeddable":true,"href":"https:\/\/www.3p-gmbh.de\/fr\/wp-json\/wp\/v2\/product_tag?post=89506"}],"curies":[{"name":"wp","href":"https:\/\/api.w.org\/{rel}","templated":true}]}}