{"id":89504,"date":"2022-08-02T13:51:38","date_gmt":"2022-08-02T13:51:38","guid":{"rendered":"https:\/\/www.3p-gmbh.de\/produkt\/2-tes-plieuse-mobile-stahlfolder-buh-66-4\/"},"modified":"2022-08-02T13:51:38","modified_gmt":"2022-08-02T13:51:38","slug":"2tes-plieuses-mobiles-acier-buh-66-4","status":"publish","type":"product","link":"https:\/\/www.3p-gmbh.de\/fr\/produkt\/2tes-plieuses-mobiles-acier-buh-66-4\/","title":{"rendered":"2.tes plieuse mobile Stahlfolder BUH 66-4"},"content":{"rendered":"<p><strong>2.tes plieuse mobile Stahlfolder BUH 66-4<\/strong><br \/>\n<strong>Ann\u00e9e de construction 2006<\/strong><\/p>\n<p>seulement 4352 heures de fonctionnement\/performance de pliage<\/p>\n<ul>\n<li>Commande MCT<\/li>\n<li>Plaque d&rsquo;engrenage<\/li>\n<li>But\u00e9e de r\u00e8gle \u00e0 droite comme FW 2<\/li>\n<li>4 poches combin\u00e9es 66cm de largeur d&rsquo;entr\u00e9e<\/li>\n<li>rouleaux de pliage r\u00e9glables par moteur en PU dur<\/li>\n<li>arbre porte-lames en aval<\/li>\n<li>Contr\u00f4le du passage des feuilles<\/li>\n<\/ul>\n","protected":false},"excerpt":{"rendered":"<p>2.tes plieuse mobile Stahlfolder BUH 66-4 Ann\u00e9e de construction 2006 seulement 4352 heures de fonctionnement\/performance de pliage Commande MCT Plaque d&rsquo;engrenage But\u00e9e de r\u00e8gle \u00e0 droite comme FW 2 4 poches combin\u00e9es 66cm de largeur d&rsquo;entr\u00e9e rouleaux de pliage r\u00e9glables par moteur en PU dur arbre porte-lames en aval Contr\u00f4le du passage des feuilles<\/p>\n","protected":false},"featured_media":61337,"template":"","meta":[],"product_brand":[],"product_cat":[2924],"product_tag":[],"class_list":{"0":"post-89504","1":"product","2":"type-product","3":"status-publish","4":"has-post-thumbnail","6":"product_cat-plieuses","7":"pa_hersteller-heidelberg-stahlfolder","8":"pa_typ-buh-66-4","10":"first","11":"instock","12":"taxable","13":"shipping-taxable","14":"product-type-simple"},"jetpack_sharing_enabled":true,"_links":{"self":[{"href":"https:\/\/www.3p-gmbh.de\/fr\/wp-json\/wp\/v2\/product\/89504","targetHints":{"allow":["GET"]}}],"collection":[{"href":"https:\/\/www.3p-gmbh.de\/fr\/wp-json\/wp\/v2\/product"}],"about":[{"href":"https:\/\/www.3p-gmbh.de\/fr\/wp-json\/wp\/v2\/types\/product"}],"wp:featuredmedia":[{"embeddable":true,"href":"https:\/\/www.3p-gmbh.de\/fr\/wp-json\/wp\/v2\/media\/61337"}],"wp:attachment":[{"href":"https:\/\/www.3p-gmbh.de\/fr\/wp-json\/wp\/v2\/media?parent=89504"}],"wp:term":[{"taxonomy":"product_brand","embeddable":true,"href":"https:\/\/www.3p-gmbh.de\/fr\/wp-json\/wp\/v2\/product_brand?post=89504"},{"taxonomy":"product_cat","embeddable":true,"href":"https:\/\/www.3p-gmbh.de\/fr\/wp-json\/wp\/v2\/product_cat?post=89504"},{"taxonomy":"product_tag","embeddable":true,"href":"https:\/\/www.3p-gmbh.de\/fr\/wp-json\/wp\/v2\/product_tag?post=89504"}],"curies":[{"name":"wp","href":"https:\/\/api.w.org\/{rel}","templated":true}]}}