{"id":89498,"date":"2022-08-02T14:33:42","date_gmt":"2022-08-02T14:33:42","guid":{"rendered":"https:\/\/www.3p-gmbh.de\/produkt\/encolleuse-a-deux-rouleaux-a-colle-froide-et-chaude-sumbel-herold-500-a-letat-neuf\/"},"modified":"2022-08-02T14:33:42","modified_gmt":"2022-08-02T14:33:42","slug":"machine-a-encoller-a-froid-et-a-chaud-a-deux-cylindres-sumbel-herold-500-comme-neuve","status":"publish","type":"product","link":"https:\/\/www.3p-gmbh.de\/fr\/produkt\/machine-a-encoller-a-froid-et-a-chaud-a-deux-cylindres-sumbel-herold-500-comme-neuve\/","title":{"rendered":"encolleuse \u00e0 deux rouleaux \u00e0 colle froide et chaude Sumbel Herold 500 \u00e0 l&rsquo;\u00e9tat neuf"},"content":{"rendered":"<p><strong>Encolleuse \u00e0 deux rouleaux Sumbel Herold 500 avec bac de colle froide &amp; chaude<\/strong><\/p>\n<p>pour le papier, le carton, le cuir, etc.<\/p>\n<p>&#8211; Entra\u00eenement motoris\u00e9 230 Volt 1 Ph., avec commutateur \u00e0 gradins<br \/>\n&#8211; Rouleaux en laiton<br \/>\n&#8211; un bassin d&rsquo;eau froide &amp; un bassin d&rsquo;eau chaude avec profondeur d&rsquo;immersion r\u00e9glable en laiton<br \/>\n&#8211; Largeur du rouleau : 500mm<br \/>\n&#8211; 10 Raclette<\/p>\n","protected":false},"excerpt":{"rendered":"<p>Encolleuse \u00e0 deux rouleaux Sumbel Herold 500 avec bac de colle froide &amp; chaude pour le papier, le carton, le cuir, etc. &#8211; Entra\u00eenement motoris\u00e9 230 Volt 1 Ph., avec commutateur \u00e0 gradins &#8211; Rouleaux en laiton &#8211; un bassin d&rsquo;eau froide &amp; un bassin d&rsquo;eau chaude avec profondeur d&rsquo;immersion r\u00e9glable en laiton &#8211; Largeur [&hellip;]<\/p>\n","protected":false},"featured_media":61349,"template":"","meta":[],"product_brand":[],"product_cat":[2890],"product_tag":[],"class_list":{"0":"post-89498","1":"product","2":"type-product","3":"status-publish","4":"has-post-thumbnail","6":"product_cat-reliure-dassortiment","7":"pa_hersteller-sumbel","8":"pa_typ-herold-500","10":"first","11":"instock","12":"taxable","13":"shipping-taxable","14":"product-type-simple"},"jetpack_sharing_enabled":true,"_links":{"self":[{"href":"https:\/\/www.3p-gmbh.de\/fr\/wp-json\/wp\/v2\/product\/89498","targetHints":{"allow":["GET"]}}],"collection":[{"href":"https:\/\/www.3p-gmbh.de\/fr\/wp-json\/wp\/v2\/product"}],"about":[{"href":"https:\/\/www.3p-gmbh.de\/fr\/wp-json\/wp\/v2\/types\/product"}],"wp:featuredmedia":[{"embeddable":true,"href":"https:\/\/www.3p-gmbh.de\/fr\/wp-json\/wp\/v2\/media\/61349"}],"wp:attachment":[{"href":"https:\/\/www.3p-gmbh.de\/fr\/wp-json\/wp\/v2\/media?parent=89498"}],"wp:term":[{"taxonomy":"product_brand","embeddable":true,"href":"https:\/\/www.3p-gmbh.de\/fr\/wp-json\/wp\/v2\/product_brand?post=89498"},{"taxonomy":"product_cat","embeddable":true,"href":"https:\/\/www.3p-gmbh.de\/fr\/wp-json\/wp\/v2\/product_cat?post=89498"},{"taxonomy":"product_tag","embeddable":true,"href":"https:\/\/www.3p-gmbh.de\/fr\/wp-json\/wp\/v2\/product_tag?post=89498"}],"curies":[{"name":"wp","href":"https:\/\/api.w.org\/{rel}","templated":true}]}}