{"id":89489,"date":"2022-08-02T14:21:32","date_gmt":"2022-08-02T14:21:32","guid":{"rendered":"https:\/\/www.3p-gmbh.de\/produkt\/machine-de-decoupe-polar-55-em\/"},"modified":"2022-08-02T14:21:32","modified_gmt":"2022-08-02T14:21:32","slug":"machine-a-decouper-polar-55-em","status":"publish","type":"product","link":"https:\/\/www.3p-gmbh.de\/fr\/produkt\/machine-a-decouper-polar-55-em\/","title":{"rendered":"Machine de d\u00e9coupe POLAR 55 EM"},"content":{"rendered":"<p><strong>Machine de d\u00e9coupe POLAR 55 EM  <\/strong><br \/>\n<strong>Ann\u00e9e de construction : 1987<\/strong><\/p>\n<p><strong>SN 5751401<\/strong><\/p>\n<p>EM Gestion du programme<br \/>\nR\u00e9glage de la pression de pressage<br \/>\nLargeur de coupe : 55 cm<br \/>\nProfondeur d&rsquo;insertion : 55cm<br \/>\nmax. hauteur d&rsquo;insertion : 10 cm<\/p>\n<p>deux couteaux<\/p>\n","protected":false},"excerpt":{"rendered":"<p>Machine de d\u00e9coupe POLAR 55 EM Ann\u00e9e de construction : 1987 SN 5751401 EM Gestion du programme R\u00e9glage de la pression de pressage Largeur de coupe : 55 cm Profondeur d&rsquo;insertion : 55cm max. hauteur d&rsquo;insertion : 10 cm deux couteaux<\/p>\n","protected":false},"featured_media":61343,"template":"","meta":[],"product_brand":[],"product_cat":[3016],"product_tag":[],"class_list":{"0":"post-89489","1":"product","2":"type-product","3":"status-publish","4":"has-post-thumbnail","6":"product_cat-machines-de-decoupe","7":"pa_hersteller-polar-mohr","8":"pa_typ-polar-55-em","10":"first","11":"instock","12":"taxable","13":"shipping-taxable","14":"product-type-simple"},"jetpack_sharing_enabled":true,"_links":{"self":[{"href":"https:\/\/www.3p-gmbh.de\/fr\/wp-json\/wp\/v2\/product\/89489","targetHints":{"allow":["GET"]}}],"collection":[{"href":"https:\/\/www.3p-gmbh.de\/fr\/wp-json\/wp\/v2\/product"}],"about":[{"href":"https:\/\/www.3p-gmbh.de\/fr\/wp-json\/wp\/v2\/types\/product"}],"wp:featuredmedia":[{"embeddable":true,"href":"https:\/\/www.3p-gmbh.de\/fr\/wp-json\/wp\/v2\/media\/61343"}],"wp:attachment":[{"href":"https:\/\/www.3p-gmbh.de\/fr\/wp-json\/wp\/v2\/media?parent=89489"}],"wp:term":[{"taxonomy":"product_brand","embeddable":true,"href":"https:\/\/www.3p-gmbh.de\/fr\/wp-json\/wp\/v2\/product_brand?post=89489"},{"taxonomy":"product_cat","embeddable":true,"href":"https:\/\/www.3p-gmbh.de\/fr\/wp-json\/wp\/v2\/product_cat?post=89489"},{"taxonomy":"product_tag","embeddable":true,"href":"https:\/\/www.3p-gmbh.de\/fr\/wp-json\/wp\/v2\/product_tag?post=89489"}],"curies":[{"name":"wp","href":"https:\/\/api.w.org\/{rel}","templated":true}]}}