{"id":89470,"date":"2022-09-04T00:33:01","date_gmt":"2022-09-04T00:33:01","guid":{"rendered":"https:\/\/www.3p-gmbh.de\/produkt\/8-stations-tour-daspiration-duplo-avec-sortie-haute-duplo-dc-48-pc\/"},"modified":"2022-09-04T00:33:01","modified_gmt":"2022-09-04T00:33:01","slug":"tour-daspiration-8-postes-duplo-avec-sortie-de-la-pile-haute-duplo-dc-48-st","status":"publish","type":"product","link":"https:\/\/www.3p-gmbh.de\/fr\/produkt\/tour-daspiration-8-postes-duplo-avec-sortie-de-la-pile-haute-duplo-dc-48-st\/","title":{"rendered":"8 stations Tour d&rsquo;aspiration DUPLO avec sortie haute Duplo DC 48 pc"},"content":{"rendered":"<p><strong>Tour d&rsquo;aspiration DUPLO \u00e0 8 stations<br \/>\n<\/strong><strong>Ann\u00e9e de construction 1996<\/strong><\/p>\n<p>Pompe \u00e0 vide \u00e0 pression de Rietschle KTL 40 avec 40 m\u00b3\/h Ann\u00e9e de construction 1996<\/p>\n<p>Duplo DC 48 St Pr\u00e9sentoir en hauteur<\/p>\n","protected":false},"excerpt":{"rendered":"<p>Tour d&rsquo;aspiration DUPLO \u00e0 8 stations Ann\u00e9e de construction 1996 Pompe \u00e0 vide \u00e0 pression de Rietschle KTL 40 avec 40 m\u00b3\/h Ann\u00e9e de construction 1996 Duplo DC 48 St Pr\u00e9sentoir en hauteur<\/p>\n","protected":false},"featured_media":61411,"template":"","meta":[],"product_brand":[],"product_cat":[3046,2890],"product_tag":[],"class_list":{"0":"post-89470","1":"product","2":"type-product","3":"status-publish","4":"has-post-thumbnail","6":"product_cat-assembleuses","7":"product_cat-reliure-dassortiment","8":"pa_hersteller-duplo","9":"pa_typ-dc-48-st","11":"first","12":"instock","13":"taxable","14":"shipping-taxable","15":"product-type-simple"},"jetpack_sharing_enabled":true,"_links":{"self":[{"href":"https:\/\/www.3p-gmbh.de\/fr\/wp-json\/wp\/v2\/product\/89470","targetHints":{"allow":["GET"]}}],"collection":[{"href":"https:\/\/www.3p-gmbh.de\/fr\/wp-json\/wp\/v2\/product"}],"about":[{"href":"https:\/\/www.3p-gmbh.de\/fr\/wp-json\/wp\/v2\/types\/product"}],"wp:featuredmedia":[{"embeddable":true,"href":"https:\/\/www.3p-gmbh.de\/fr\/wp-json\/wp\/v2\/media\/61411"}],"wp:attachment":[{"href":"https:\/\/www.3p-gmbh.de\/fr\/wp-json\/wp\/v2\/media?parent=89470"}],"wp:term":[{"taxonomy":"product_brand","embeddable":true,"href":"https:\/\/www.3p-gmbh.de\/fr\/wp-json\/wp\/v2\/product_brand?post=89470"},{"taxonomy":"product_cat","embeddable":true,"href":"https:\/\/www.3p-gmbh.de\/fr\/wp-json\/wp\/v2\/product_cat?post=89470"},{"taxonomy":"product_tag","embeddable":true,"href":"https:\/\/www.3p-gmbh.de\/fr\/wp-json\/wp\/v2\/product_tag?post=89470"}],"curies":[{"name":"wp","href":"https:\/\/api.w.org\/{rel}","templated":true}]}}