{"id":89451,"date":"2022-09-22T22:06:03","date_gmt":"2022-09-22T22:06:03","guid":{"rendered":"https:\/\/www.3p-gmbh.de\/produkt\/fin-de-series-film-de-plastification-a-chaud-gmp-polynex-ultrabond\/"},"modified":"2022-09-22T22:06:03","modified_gmt":"2022-09-22T22:06:03","slug":"fin-de-serie-gmp-polynex-ultrabond-film-de-plastification-a-chaud","status":"publish","type":"product","link":"https:\/\/www.3p-gmbh.de\/fr\/produkt\/fin-de-serie-gmp-polynex-ultrabond-film-de-plastification-a-chaud\/","title":{"rendered":"Fin de s\u00e9ries &#8211; Film de plastification \u00e0 chaud GMP POLYNEX UltraBond"},"content":{"rendered":"<p><strong>Fin de s\u00e9ries &#8211; Film de plastification \u00e0 chaud GMP POLYNEX UltraBond<\/strong><\/p>\n<p>8&#215;2 rouleaux GMP POLYNEX Goss UltraBond gloss 40mic, 305mmx500m<br \/>\nFilm OPP brillant pour impressions num\u00e9riques, noyau 77mm<\/p>\n<p>Le film de plastification \u00e0 chaud POLYNEX UltraBond poss\u00e8de une colle \u00e0 chaud sp\u00e9ciale nouvellement d\u00e9velopp\u00e9e avec un pouvoir adh\u00e9sif particuli\u00e8rement bon sur les impressions num\u00e9riques \u00e0 base de toner de Xerox par exemple (sauf toner EA des DC 240\/250\/260), Canon, Kodak, Konica-Minolta.<br \/>\nParticuli\u00e8rement adapt\u00e9 \u00e0 une utilisation dans des syst\u00e8mes avec s\u00e9paration automatique des feuilles.<br \/>\nTemp\u00e9rature de traitement : env. 105 \u00b0C<\/p>\n","protected":false},"excerpt":{"rendered":"<p>Fin de s\u00e9ries &#8211; Film de plastification \u00e0 chaud GMP POLYNEX UltraBond 8&#215;2 rouleaux GMP POLYNEX Goss UltraBond gloss 40mic, 305mmx500m Film OPP brillant pour impressions num\u00e9riques, noyau 77mm Le film de plastification \u00e0 chaud POLYNEX UltraBond poss\u00e8de une colle \u00e0 chaud sp\u00e9ciale nouvellement d\u00e9velopp\u00e9e avec un pouvoir adh\u00e9sif particuli\u00e8rement bon sur les impressions num\u00e9riques [&hellip;]<\/p>\n","protected":false},"featured_media":61450,"template":"","meta":[],"product_brand":[],"product_cat":[3053,2890],"product_tag":[],"class_list":{"0":"post-89451","1":"product","2":"type-product","3":"status-publish","4":"has-post-thumbnail","6":"product_cat-fin-de-series","7":"product_cat-reliure-dassortiment","9":"first","10":"instock","11":"taxable","12":"shipping-taxable","13":"product-type-simple"},"jetpack_sharing_enabled":true,"_links":{"self":[{"href":"https:\/\/www.3p-gmbh.de\/fr\/wp-json\/wp\/v2\/product\/89451","targetHints":{"allow":["GET"]}}],"collection":[{"href":"https:\/\/www.3p-gmbh.de\/fr\/wp-json\/wp\/v2\/product"}],"about":[{"href":"https:\/\/www.3p-gmbh.de\/fr\/wp-json\/wp\/v2\/types\/product"}],"wp:featuredmedia":[{"embeddable":true,"href":"https:\/\/www.3p-gmbh.de\/fr\/wp-json\/wp\/v2\/media\/61450"}],"wp:attachment":[{"href":"https:\/\/www.3p-gmbh.de\/fr\/wp-json\/wp\/v2\/media?parent=89451"}],"wp:term":[{"taxonomy":"product_brand","embeddable":true,"href":"https:\/\/www.3p-gmbh.de\/fr\/wp-json\/wp\/v2\/product_brand?post=89451"},{"taxonomy":"product_cat","embeddable":true,"href":"https:\/\/www.3p-gmbh.de\/fr\/wp-json\/wp\/v2\/product_cat?post=89451"},{"taxonomy":"product_tag","embeddable":true,"href":"https:\/\/www.3p-gmbh.de\/fr\/wp-json\/wp\/v2\/product_tag?post=89451"}],"curies":[{"name":"wp","href":"https:\/\/api.w.org\/{rel}","templated":true}]}}