{"id":89449,"date":"2022-09-22T21:59:27","date_gmt":"2022-09-22T21:59:27","guid":{"rendered":"https:\/\/www.3p-gmbh.de\/produkt\/machine-electrique-a-huiler-a-une-tete-picostar-101-50\/"},"modified":"2022-09-22T21:59:27","modified_gmt":"2022-09-22T21:59:27","slug":"machine-a-cafe-electrique-a-table-unique-picostar-101-50","status":"publish","type":"product","link":"https:\/\/www.3p-gmbh.de\/fr\/produkt\/machine-a-cafe-electrique-a-table-unique-picostar-101-50\/","title":{"rendered":"Machine \u00e9lectrique \u00e0 huiler \u00e0 une t\u00eate Picostar 101-50"},"content":{"rendered":"<p><strong>Machine \u00e9lectrique \u00e0 huiler \u00e0 une t\u00eate Picostar 101-50<\/strong><\/p>\n<p>Hang Picostar 101-50 .<br \/>\ndiam\u00e8tre int\u00e9rieur de l&rsquo;\u0153illet 6mm<br \/>\nprofondeur d&rsquo;insertion d&rsquo;environ 8 cm<\/p>\n","protected":false},"excerpt":{"rendered":"<p>Machine \u00e9lectrique \u00e0 huiler \u00e0 une t\u00eate Picostar 101-50 Hang Picostar 101-50 . diam\u00e8tre int\u00e9rieur de l&rsquo;\u0153illet 6mm profondeur d&rsquo;insertion d&rsquo;environ 8 cm<\/p>\n","protected":false},"featured_media":61443,"template":"","meta":[],"product_brand":[],"product_cat":[3052],"product_tag":[],"class_list":{"0":"post-89449","1":"product","2":"type-product","3":"status-publish","4":"has-post-thumbnail","6":"product_cat-machines-a-huile","7":"pa_hersteller-hang","8":"pa_typ-picostar-101-50","10":"first","11":"instock","12":"taxable","13":"shipping-taxable","14":"product-type-simple"},"jetpack_sharing_enabled":true,"_links":{"self":[{"href":"https:\/\/www.3p-gmbh.de\/fr\/wp-json\/wp\/v2\/product\/89449","targetHints":{"allow":["GET"]}}],"collection":[{"href":"https:\/\/www.3p-gmbh.de\/fr\/wp-json\/wp\/v2\/product"}],"about":[{"href":"https:\/\/www.3p-gmbh.de\/fr\/wp-json\/wp\/v2\/types\/product"}],"wp:featuredmedia":[{"embeddable":true,"href":"https:\/\/www.3p-gmbh.de\/fr\/wp-json\/wp\/v2\/media\/61443"}],"wp:attachment":[{"href":"https:\/\/www.3p-gmbh.de\/fr\/wp-json\/wp\/v2\/media?parent=89449"}],"wp:term":[{"taxonomy":"product_brand","embeddable":true,"href":"https:\/\/www.3p-gmbh.de\/fr\/wp-json\/wp\/v2\/product_brand?post=89449"},{"taxonomy":"product_cat","embeddable":true,"href":"https:\/\/www.3p-gmbh.de\/fr\/wp-json\/wp\/v2\/product_cat?post=89449"},{"taxonomy":"product_tag","embeddable":true,"href":"https:\/\/www.3p-gmbh.de\/fr\/wp-json\/wp\/v2\/product_tag?post=89449"}],"curies":[{"name":"wp","href":"https:\/\/api.w.org\/{rel}","templated":true}]}}