{"id":89438,"date":"2022-12-12T23:00:15","date_gmt":"2022-12-12T23:00:15","guid":{"rendered":"https:\/\/www.3p-gmbh.de\/produkt\/pour-poinconneuse-de-calendrier-renz-super-700-4mm-trou-rond-pas-3-a-1-avec-trou-pour-le-pouce\/"},"modified":"2022-12-12T23:00:15","modified_gmt":"2022-12-12T23:00:15","slug":"pour-calendrier-perforatrice-renz-super-700-4mm-perforation-ronde-division-3-pour-1-avec-trou-pouce","status":"publish","type":"product","link":"https:\/\/www.3p-gmbh.de\/fr\/produkt\/pour-calendrier-perforatrice-renz-super-700-4mm-perforation-ronde-division-3-pour-1-avec-trou-pouce\/","title":{"rendered":"pour poin\u00e7onneuse de calendrier Renz Super 700 4mm trou rond pas 3 \u00e0 1 avec trou pour le pouce"},"content":{"rendered":"<p>pour poin\u00e7onneuse de calendrier Renz Super 700 4mm trou rond pas 3 \u00e0 1 avec trou pour le pouce<\/p>\n","protected":false},"excerpt":{"rendered":"<p>pour poin\u00e7onneuse de calendrier Renz Super 700 4mm trou rond pas 3 \u00e0 1 avec trou pour le pouce<\/p>\n","protected":false},"featured_media":61587,"template":"","meta":[],"product_brand":[],"product_cat":[3046,2904],"product_tag":[],"class_list":{"0":"post-89438","1":"product","2":"type-product","3":"status-publish","4":"has-post-thumbnail","6":"product_cat-assembleuses","7":"product_cat-poinconnage","8":"pa_hersteller-renz","10":"first","11":"instock","12":"taxable","13":"shipping-taxable","14":"product-type-simple"},"jetpack_sharing_enabled":true,"_links":{"self":[{"href":"https:\/\/www.3p-gmbh.de\/fr\/wp-json\/wp\/v2\/product\/89438","targetHints":{"allow":["GET"]}}],"collection":[{"href":"https:\/\/www.3p-gmbh.de\/fr\/wp-json\/wp\/v2\/product"}],"about":[{"href":"https:\/\/www.3p-gmbh.de\/fr\/wp-json\/wp\/v2\/types\/product"}],"wp:featuredmedia":[{"embeddable":true,"href":"https:\/\/www.3p-gmbh.de\/fr\/wp-json\/wp\/v2\/media\/61587"}],"wp:attachment":[{"href":"https:\/\/www.3p-gmbh.de\/fr\/wp-json\/wp\/v2\/media?parent=89438"}],"wp:term":[{"taxonomy":"product_brand","embeddable":true,"href":"https:\/\/www.3p-gmbh.de\/fr\/wp-json\/wp\/v2\/product_brand?post=89438"},{"taxonomy":"product_cat","embeddable":true,"href":"https:\/\/www.3p-gmbh.de\/fr\/wp-json\/wp\/v2\/product_cat?post=89438"},{"taxonomy":"product_tag","embeddable":true,"href":"https:\/\/www.3p-gmbh.de\/fr\/wp-json\/wp\/v2\/product_tag?post=89438"}],"curies":[{"name":"wp","href":"https:\/\/api.w.org\/{rel}","templated":true}]}}