{"id":89411,"date":"2022-09-30T21:30:04","date_gmt":"2022-09-30T21:30:04","guid":{"rendered":"https:\/\/www.3p-gmbh.de\/produkt\/logistique-des-colis-manutention-de-la-salle-dexpedition-vacuum-tube-de-levage-schmalz-jumbo-50\/"},"modified":"2022-09-30T21:30:04","modified_gmt":"2022-09-30T21:30:04","slug":"logistique-des-colis-manipulation-de-lespace-dexpedition-levage-de-tuyaux-par-le-vide-etroit-jumbo-50","status":"publish","type":"product","link":"https:\/\/www.3p-gmbh.de\/fr\/produkt\/logistique-des-colis-manipulation-de-lespace-dexpedition-levage-de-tuyaux-par-le-vide-etroit-jumbo-50\/","title":{"rendered":"Logistique des colis &#8211; Manutention de la salle d&rsquo;exp\u00e9dition &#8211; Vacuum &#8211; Tube de levage Schmalz Jumbo 50"},"content":{"rendered":"<p><strong>Logistique des colis Manutention de la salle d&rsquo;exp\u00e9dition Vacuum &#8211; Tube de levage Schmalz Jumbo 50<\/strong><\/p>\n<p>avec<br \/>\nBras pivotant pour montage mural Charge maximale 80 kg,<br \/>\nfl\u00e8che d&rsquo;environ 3,5 m<br \/>\nBo\u00eete d&rsquo;insonorisation pour pompe \u00e0 vide avec support de montage mural<br \/>\n2 plaques d&rsquo;aspiration diff\u00e9rentes<\/p>\n","protected":false},"excerpt":{"rendered":"<p>Logistique des colis Manutention de la salle d&rsquo;exp\u00e9dition Vacuum &#8211; Tube de levage Schmalz Jumbo 50 avec Bras pivotant pour montage mural Charge maximale 80 kg, fl\u00e8che d&rsquo;environ 3,5 m Bo\u00eete d&rsquo;insonorisation pour pompe \u00e0 vide avec support de montage mural 2 plaques d&rsquo;aspiration diff\u00e9rentes<\/p>\n","protected":false},"featured_media":61462,"template":"","meta":[],"product_brand":[],"product_cat":[2941,3040],"product_tag":[],"class_list":{"0":"post-89411","1":"product","2":"type-product","3":"status-publish","4":"has-post-thumbnail","6":"product_cat-autres-machines-et-installations","7":"product_cat-technique-de-convoyage","8":"pa_hersteller-schmalz","9":"pa_typ-jumbo-50","11":"first","12":"instock","13":"taxable","14":"shipping-taxable","15":"product-type-simple"},"jetpack_sharing_enabled":true,"_links":{"self":[{"href":"https:\/\/www.3p-gmbh.de\/fr\/wp-json\/wp\/v2\/product\/89411","targetHints":{"allow":["GET"]}}],"collection":[{"href":"https:\/\/www.3p-gmbh.de\/fr\/wp-json\/wp\/v2\/product"}],"about":[{"href":"https:\/\/www.3p-gmbh.de\/fr\/wp-json\/wp\/v2\/types\/product"}],"wp:featuredmedia":[{"embeddable":true,"href":"https:\/\/www.3p-gmbh.de\/fr\/wp-json\/wp\/v2\/media\/61462"}],"wp:attachment":[{"href":"https:\/\/www.3p-gmbh.de\/fr\/wp-json\/wp\/v2\/media?parent=89411"}],"wp:term":[{"taxonomy":"product_brand","embeddable":true,"href":"https:\/\/www.3p-gmbh.de\/fr\/wp-json\/wp\/v2\/product_brand?post=89411"},{"taxonomy":"product_cat","embeddable":true,"href":"https:\/\/www.3p-gmbh.de\/fr\/wp-json\/wp\/v2\/product_cat?post=89411"},{"taxonomy":"product_tag","embeddable":true,"href":"https:\/\/www.3p-gmbh.de\/fr\/wp-json\/wp\/v2\/product_tag?post=89411"}],"curies":[{"name":"wp","href":"https:\/\/api.w.org\/{rel}","templated":true}]}}