{"id":89410,"date":"2022-09-30T21:34:13","date_gmt":"2022-09-30T21:34:13","guid":{"rendered":"https:\/\/www.3p-gmbh.de\/produkt\/massicot-massicot-ou-coupe-papier-polar-eco-80\/"},"modified":"2022-09-30T21:34:13","modified_gmt":"2022-09-30T21:34:13","slug":"massicot-repoussoir-ou-coupe-papier-polar-eco-80","status":"publish","type":"product","link":"https:\/\/www.3p-gmbh.de\/fr\/produkt\/massicot-repoussoir-ou-coupe-papier-polar-eco-80\/","title":{"rendered":"Massicot, massicot ou coupe-papier Polar Eco 80"},"content":{"rendered":"<p><strong>Massicot, massicot ou coupe-papier Polar Eco 80<\/strong><br \/>\n<strong>avec entra\u00eenement hydraulique et table pneumatique en acier inoxydable<\/strong><br \/>\n<strong>de 2012<\/strong><\/p>\n<p>Largeur de coupe 800 mm<br \/>\nprofondeur d&rsquo;insertion 800 mm<br \/>\nHauteur d&rsquo;insertion max. 100 mm<\/p>\n<p>Les op\u00e9rateurs de machines appr\u00e9cient non seulement la simplicit\u00e9 d&rsquo;utilisation, mais aussi la longue dur\u00e9e de vie de la machine de d\u00e9coupe.<br \/>\nLa pr\u00e9cision particuli\u00e8re de la coupe est due \u00e0 la construction robuste et \u00e0 la prise de mesure directe.<\/p>\n<p>La machine est command\u00e9e par un panneau de commande ergonomique avec un \u00e9cran monochrome de 5,5 pouces.<br \/>\net un clavier \u00e0 entr\u00e9e plate suppl\u00e9mentaire.<br \/>\nLes s\u00e9quences de montage r\u00e9p\u00e9titives peuvent \u00eatre enregistr\u00e9es sur l&rsquo;un des 198 emplacements de m\u00e9moire disponibles.<br \/>\net \u00eatre adapt\u00e9 \u00e0 tout moment<\/p>\n","protected":false},"excerpt":{"rendered":"<p>Massicot, massicot ou coupe-papier Polar Eco 80 avec entra\u00eenement hydraulique et table pneumatique en acier inoxydable de 2012 Largeur de coupe 800 mm profondeur d&rsquo;insertion 800 mm Hauteur d&rsquo;insertion max. 100 mm Les op\u00e9rateurs de machines appr\u00e9cient non seulement la simplicit\u00e9 d&rsquo;utilisation, mais aussi la longue dur\u00e9e de vie de la machine de d\u00e9coupe. La [&hellip;]<\/p>\n","protected":false},"featured_media":61471,"template":"","meta":[],"product_brand":[],"product_cat":[3016],"product_tag":[],"class_list":{"0":"post-89410","1":"product","2":"type-product","3":"status-publish","4":"has-post-thumbnail","6":"product_cat-machines-de-decoupe","7":"pa_hersteller-polar-mohr","8":"pa_typ-eco-80","10":"first","11":"instock","12":"taxable","13":"shipping-taxable","14":"product-type-simple"},"jetpack_sharing_enabled":true,"_links":{"self":[{"href":"https:\/\/www.3p-gmbh.de\/fr\/wp-json\/wp\/v2\/product\/89410","targetHints":{"allow":["GET"]}}],"collection":[{"href":"https:\/\/www.3p-gmbh.de\/fr\/wp-json\/wp\/v2\/product"}],"about":[{"href":"https:\/\/www.3p-gmbh.de\/fr\/wp-json\/wp\/v2\/types\/product"}],"wp:featuredmedia":[{"embeddable":true,"href":"https:\/\/www.3p-gmbh.de\/fr\/wp-json\/wp\/v2\/media\/61471"}],"wp:attachment":[{"href":"https:\/\/www.3p-gmbh.de\/fr\/wp-json\/wp\/v2\/media?parent=89410"}],"wp:term":[{"taxonomy":"product_brand","embeddable":true,"href":"https:\/\/www.3p-gmbh.de\/fr\/wp-json\/wp\/v2\/product_brand?post=89410"},{"taxonomy":"product_cat","embeddable":true,"href":"https:\/\/www.3p-gmbh.de\/fr\/wp-json\/wp\/v2\/product_cat?post=89410"},{"taxonomy":"product_tag","embeddable":true,"href":"https:\/\/www.3p-gmbh.de\/fr\/wp-json\/wp\/v2\/product_tag?post=89410"}],"curies":[{"name":"wp","href":"https:\/\/api.w.org\/{rel}","templated":true}]}}